{"id":17473,"date":"2016-11-18T20:45:32","date_gmt":"2016-11-19T00:45:32","guid":{"rendered":"https:\/\/www.beaches-bonaire.com\/de\/?page_id=17473"},"modified":"2022-08-12T08:34:06","modified_gmt":"2022-08-12T12:34:06","slug":"bedingungen","status":"publish","type":"page","link":"https:\/\/www.beaches-bonaire.com\/de\/bedingungen\/","title":{"rendered":"Bedingungen"},"content":{"rendered":"<p>[vc_row css_animation=&#8220;&#8220; row_type=&#8220;row&#8220; use_row_as_full_screen_section=&#8220;no&#8220; type=&#8220;grid&#8220; angled_section=&#8220;no&#8220; text_align=&#8220;left&#8220; background_image_as_pattern=&#8220;without_pattern&#8220; padding_top=&#8220;82&#8243; padding_bottom=&#8220;45&#8243;][vc_column][vc_column_text]<\/p>\n<h2 style=\"text-align: center;\">Allgemeine Bedingungen von BEACHES<\/h2>\n<p>[\/vc_column_text][vc_separator type=&#8220;small&#8220; position=&#8220;center&#8220; up=&#8220;17&#8243; down=&#8220;60&#8243;][vc_column_text]Es gelten die folgenden Bedingungen f\u00fcr Buchungen bei BEACHES:[\/vc_column_text][\/vc_column][\/vc_row][vc_row css_animation=&#8220;&#8220; row_type=&#8220;row&#8220; use_row_as_full_screen_section=&#8220;no&#8220; type=&#8220;grid&#8220; angled_section=&#8220;no&#8220; text_align=&#8220;left&#8220; background_image_as_pattern=&#8220;without_pattern&#8220; background_color=&#8220;#f8f8f8&#8243; padding_top=&#8220;75&#8243; padding_bottom=&#8220;42&#8243;][vc_column][vc_row_inner row_type=&#8220;row&#8220; type=&#8220;full_width&#8220; text_align=&#8220;left&#8220; css_animation=&#8220;&#8220;][vc_column_inner width=&#8220;1\/2&#8243;][vc_separator type=&#8220;transparent&#8220; up=&#8220;22&#8243; down=&#8220;0&#8243;][vc_column_text]<\/p>\n<ol>\n<li><strong>Reservierungen<\/strong><\/li>\n<\/ol>\n<ul>\n<li>Wir best\u00e4tigen die Reservierung gleich nach der Buchung.<\/li>\n<li>Kontrollieren Sie die Best\u00e4tigung und geben Sie uns bitte Bescheid, wenn etwas nicht stimmt.<\/li>\n<\/ul>\n<ol start=\"2\">\n<li><strong>Tarife pro Nacht<\/strong><\/li>\n<\/ol>\n<ul>\n<li>Tarife pro Nacht sind pro Studio Appartment (2 Personen).<\/li>\n<\/ul>\n<ol start=\"3\">\n<li><strong>Allgemein<\/strong><\/li>\n<\/ol>\n<ul>\n<li>Der Tarif, wie erw\u00e4hnt auf Best\u00e4tigung und Rechnung, ist verbindlich.<\/li>\n<li>Unsere Tarife sind einschlie\u00dflich WiFi, Reinigungsservice, Bettw\u00e4sche, Handt\u00fccher und Flufhafentranser.<\/li>\n<li>Alle tarife sind in US Dollars.<\/li>\n<\/ul>\n<ol start=\"4\">\n<li><strong>Bezahlungen<\/strong><\/li>\n<\/ol>\n<ul>\n<li>Nach Empfang der Anzahlung von 25% des gesamten verschuldeten Betrags ist die Buchung definitiv.<\/li>\n<li>Der restliche Betrag ist vier Wochen vor Ankunft verschuldet.<\/li>\n<li>F\u00fcr Buchungen die innerhalb von 4 Wochen vor Ankunft gemacht werden, ist der ganze Buchungsbetrag verschuldet.<\/li>\n<\/ul>\n<p>[\/vc_column_text][vc_separator type=&#8220;transparent&#8220; up=&#8220;13&#8243; down=&#8220;0&#8243;][\/vc_column_inner][vc_column_inner width=&#8220;1\/2&#8243;][vc_separator type=&#8220;transparent&#8220; up=&#8220;22&#8243; down=&#8220;0&#8243;][vc_column_text]<strong>Annullieren<\/strong><\/p>\n<ul>\n<li>Bei einer Annullierung mehr als 4 Wochen vor Ankunft, erstatten wir Ihnen die Anzahlung zur\u00fcck.<\/li>\n<li>Bei einer Annullierung innerhalb von 4 Wochen vor Ankunft, bei nicht Erscheinen oder im Falle einer vorzeitigen Abreise ist der ganze Buchungsbetrag verschuldet. Wir empfehlen eine Annullieringsversicherung.<\/li>\n<\/ul>\n<ol start=\"6\">\n<li><strong>Ankunft und Abreise<\/strong><\/li>\n<\/ol>\n<ul>\n<li>Ankunft ist ab 15.00 Uhr, Abreise bis 11.00 Uhr. Je nach Verf\u00fcgbarkeit k\u00f6nnen Sie kostenlos fr\u00fcher einchecken oder sp\u00e4ter auschecken.<\/li>\n<\/ul>\n<ol start=\"7\">\n<li><strong>Erg\u00e4nzendes<\/strong><\/li>\n<\/ol>\n<ul>\n<li>G\u00e4ste betreten den Pool auf eigene Gefahr.<\/li>\n<li>BEACHES \u00fcbernimmt keine Verantwortung f\u00fcr:\n<ul>\n<li>Diebstal, Verlust oder Besch\u00e4digungen von Eigent\u00fcmern w\u00e4hrend des Aufenthalts bei BEACHES.<\/li>\n<li>St\u00f6rungen oder Unterbrechungen technischer Installationen und Ausr\u00fcstung.<\/li>\n<\/ul>\n<\/li>\n<li>G\u00e4ste sind haftbar f\u00fcr Verlust und\/ oder Sch\u00e4den an BEACHES als direkte oder indirekte Folge ihres Aufenthalts.<\/li>\n<li>Im Falle inkorrekten Gebrauchs des Appartments oder des unziemlichen Hinterlassens des Appartments werden zus\u00e4tzliche Kosten, wie zum Beispiel Reinigungskosten, vom Mieter getragen.<\/li>\n<li>BEACHES kann Instandhaltungsarbeiten w\u00e4hrend des Aufenthalts ausf\u00fchren, ohne da\u00df dadurch das Recht auf eine R\u00fcckzahlung entsteht.<\/li>\n<li>Es gilt das Recht der \u2018Openbare Lichamen Bonaire \u2013 Saba \u2013 St. Eustatius\u2019.<\/li>\n<li>Mit der Buchung unterschreiben Sie unsere Bedingungen.<\/li>\n<\/ul>\n<p>[\/vc_column_text][vc_separator type=&#8220;transparent&#8220; up=&#8220;13&#8243; down=&#8220;0&#8243;][\/vc_column_inner][\/vc_row_inner][\/vc_column][\/vc_row][vc_row row_type=&#8220;parallax&#8220; parallax_content_width=&#8220;full_width&#8220; text_align=&#8220;left&#8220; full_screen_section_height=&#8220;no&#8220; background_image=&#8220;16856&#8243;][vc_column][vc_empty_space height=&#8220;125px&#8220;][vc_column_text]<\/p>\n<h2 style=\"text-align: center;\"><span style=\"color: #ffffff;\">Karibisches Paradies Bonaire <\/span><\/h2>\n<p>[\/vc_column_text][vc_empty_space][vc_row_inner row_type=&#8220;row&#8220; type=&#8220;full_width&#8220; text_align=&#8220;center&#8220; css_animation=&#8220;&#8220;][vc_column_inner]<a  itemprop=\"url\" href=\"https:\/\/www.beaches-bonaire.com\/de\/bonaire\" target=\"_self\"  class=\"qbutton  center default\" style=\"\">Lesen Sie mehr<\/a>[\/vc_column_inner][\/vc_row_inner][vc_empty_space height=&#8220;125px&#8220;][vc_row_inner row_type=&#8220;row&#8220; type=&#8220;full_width&#8220; text_align=&#8220;left&#8220; css_animation=&#8220;&#8220;][vc_column_inner el_class=&#8220;nomargins&#8220; css=&#8220;.vc_custom_1478111783298{margin-right: 0px !important;margin-left: 0px !important;padding-right: 0px !important;padding-left: 0px !important;}&#8220;][vc_single_image image=&#8220;17134&#8243; img_size=&#8220;full&#8220; qode_css_animation=&#8220;&#8220;][\/vc_column_inner][\/vc_row_inner][\/vc_column][\/vc_row]<\/p>\n","protected":false},"excerpt":{"rendered":"<p>[vc_row css_animation=&#8220;&#8220; row_type=&#8220;row&#8220; use_row_as_full_screen_section=&#8220;no&#8220; type=&#8220;grid&#8220; angled_section=&#8220;no&#8220; text_align=&#8220;left&#8220; background_image_as_pattern=&#8220;without_pattern&#8220; padding_top=&#8220;82&#8243; padding_bottom=&#8220;45&#8243;][vc_column][vc_column_text] Allgemeine Bedingungen von BEACHES [\/vc_column_text][vc_separator type=&#8220;small&#8220; position=&#8220;center&#8220; up=&#8220;17&#8243; down=&#8220;60&#8243;][vc_column_text]Es gelten die folgenden Bedingungen f\u00fcr Buchungen bei BEACHES:[\/vc_column_text][\/vc_column][\/vc_row][vc_row css_animation=&#8220;&#8220; row_type=&#8220;row&#8220; use_row_as_full_screen_section=&#8220;no&#8220; type=&#8220;grid&#8220; angled_section=&#8220;no&#8220; text_align=&#8220;left&#8220; background_image_as_pattern=&#8220;without_pattern&#8220; background_color=&#8220;#f8f8f8&#8243; padding_top=&#8220;75&#8243; padding_bottom=&#8220;42&#8243;][vc_column][vc_row_inner row_type=&#8220;row&#8220; type=&#8220;full_width&#8220; text_align=&#8220;left&#8220; css_animation=&#8220;&#8220;][vc_column_inner width=&#8220;1\/2&#8243;][vc_separator type=&#8220;transparent&#8220; up=&#8220;22&#8243; down=&#8220;0&#8243;][vc_column_text]&#8230;<\/p>\n","protected":false},"author":1,"featured_media":0,"parent":0,"menu_order":0,"comment_status":"closed","ping_status":"closed","template":"full_width.php","meta":{"footnotes":""},"class_list":["post-17473","page","type-page","status-publish","hentry"],"yoast_head":"<!-- This site is optimized with the Yoast SEO plugin v21.2 - https:\/\/yoast.com\/wordpress\/plugins\/seo\/ -->\n<title>BEACHES ocean view apartments | Bedingungen<\/title>\n<meta name=\"description\" content=\"BEACHES Bonaire ist eine komfortabele Unterkunft in Fu\u00dfentfernung von Str\u00e4nden und mit einer sch\u00f6nen Meeresaussicht.\" \/>\n<meta name=\"robots\" content=\"index, follow, max-snippet:-1, max-image-preview:large, max-video-preview:-1\" \/>\n<link rel=\"canonical\" href=\"https:\/\/www.beaches-bonaire.com\/de\/bedingungen\/\" \/>\n<meta property=\"og:locale\" content=\"de_DE\" \/>\n<meta property=\"og:type\" content=\"article\" \/>\n<meta property=\"og:title\" content=\"BEACHES ocean view apartments | Bedingungen\" \/>\n<meta property=\"og:description\" content=\"BEACHES Bonaire ist eine komfortabele Unterkunft in Fu\u00dfentfernung von Str\u00e4nden und mit einer sch\u00f6nen Meeresaussicht.\" \/>\n<meta property=\"og:url\" content=\"https:\/\/www.beaches-bonaire.com\/de\/bedingungen\/\" \/>\n<meta property=\"og:site_name\" content=\"BEACHES Meeresaussicht Appartments Bonaire\" \/>\n<meta property=\"article:publisher\" content=\"https:\/\/www.facebook.com\/beachesbonaire\/\" \/>\n<meta property=\"article:modified_time\" content=\"2022-08-12T12:34:06+00:00\" \/>\n<meta name=\"twitter:card\" content=\"summary_large_image\" \/>\n<meta name=\"twitter:label1\" content=\"Gesch\u00e4tzte Lesezeit\" \/>\n\t<meta name=\"twitter:data1\" content=\"2\u00a0Minuten\" \/>\n<script type=\"application\/ld+json\" class=\"yoast-schema-graph\">{\"@context\":\"https:\/\/schema.org\",\"@graph\":[{\"@type\":\"WebPage\",\"@id\":\"https:\/\/www.beaches-bonaire.com\/de\/bedingungen\/\",\"url\":\"https:\/\/www.beaches-bonaire.com\/de\/bedingungen\/\",\"name\":\"BEACHES ocean view apartments | Bedingungen\",\"isPartOf\":{\"@id\":\"https:\/\/www.beaches-bonaire.com\/de\/#website\"},\"datePublished\":\"2016-11-19T00:45:32+00:00\",\"dateModified\":\"2022-08-12T12:34:06+00:00\",\"description\":\"BEACHES Bonaire ist eine komfortabele Unterkunft in Fu\u00dfentfernung von Str\u00e4nden und mit einer sch\u00f6nen Meeresaussicht.\",\"breadcrumb\":{\"@id\":\"https:\/\/www.beaches-bonaire.com\/de\/bedingungen\/#breadcrumb\"},\"inLanguage\":\"de\",\"potentialAction\":[{\"@type\":\"ReadAction\",\"target\":[\"https:\/\/www.beaches-bonaire.com\/de\/bedingungen\/\"]}]},{\"@type\":\"BreadcrumbList\",\"@id\":\"https:\/\/www.beaches-bonaire.com\/de\/bedingungen\/#breadcrumb\",\"itemListElement\":[{\"@type\":\"ListItem\",\"position\":1,\"name\":\"Home\",\"item\":\"https:\/\/www.beaches-bonaire.com\/de\/\"},{\"@type\":\"ListItem\",\"position\":2,\"name\":\"Bedingungen\"}]},{\"@type\":\"WebSite\",\"@id\":\"https:\/\/www.beaches-bonaire.com\/de\/#website\",\"url\":\"https:\/\/www.beaches-bonaire.com\/de\/\",\"name\":\"BEACHES Meeresaussicht Appartments Bonaire\",\"description\":\"Home\",\"publisher\":{\"@id\":\"https:\/\/www.beaches-bonaire.com\/de\/#organization\"},\"potentialAction\":[{\"@type\":\"SearchAction\",\"target\":{\"@type\":\"EntryPoint\",\"urlTemplate\":\"https:\/\/www.beaches-bonaire.com\/de\/?s={search_term_string}\"},\"query-input\":\"required name=search_term_string\"}],\"inLanguage\":\"de\"},{\"@type\":\"Organization\",\"@id\":\"https:\/\/www.beaches-bonaire.com\/de\/#organization\",\"name\":\"BEACHES ocean view apartments\",\"url\":\"https:\/\/www.beaches-bonaire.com\/de\/\",\"logo\":{\"@type\":\"ImageObject\",\"inLanguage\":\"de\",\"@id\":\"https:\/\/www.beaches-bonaire.com\/de\/#\/schema\/logo\/image\/\",\"url\":\"https:\/\/www.beaches-bonaire.com\/wp-content\/uploads\/2019\/10\/logo-beaches-signature.jpg\",\"contentUrl\":\"https:\/\/www.beaches-bonaire.com\/wp-content\/uploads\/2019\/10\/logo-beaches-signature.jpg\",\"width\":500,\"height\":260,\"caption\":\"BEACHES ocean view apartments\"},\"image\":{\"@id\":\"https:\/\/www.beaches-bonaire.com\/de\/#\/schema\/logo\/image\/\"},\"sameAs\":[\"https:\/\/www.facebook.com\/beachesbonaire\/\",\"https:\/\/www.instagram.com\/beachesbonaire\/\"]}]}<\/script>\n<!-- \/ Yoast SEO plugin. -->","yoast_head_json":{"title":"BEACHES ocean view apartments | Bedingungen","description":"BEACHES Bonaire ist eine komfortabele Unterkunft in Fu\u00dfentfernung von Str\u00e4nden und mit einer sch\u00f6nen Meeresaussicht.","robots":{"index":"index","follow":"follow","max-snippet":"max-snippet:-1","max-image-preview":"max-image-preview:large","max-video-preview":"max-video-preview:-1"},"canonical":"https:\/\/www.beaches-bonaire.com\/de\/bedingungen\/","og_locale":"de_DE","og_type":"article","og_title":"BEACHES ocean view apartments | Bedingungen","og_description":"BEACHES Bonaire ist eine komfortabele Unterkunft in Fu\u00dfentfernung von Str\u00e4nden und mit einer sch\u00f6nen Meeresaussicht.","og_url":"https:\/\/www.beaches-bonaire.com\/de\/bedingungen\/","og_site_name":"BEACHES Meeresaussicht Appartments Bonaire","article_publisher":"https:\/\/www.facebook.com\/beachesbonaire\/","article_modified_time":"2022-08-12T12:34:06+00:00","twitter_card":"summary_large_image","twitter_misc":{"Gesch\u00e4tzte Lesezeit":"2\u00a0Minuten"},"schema":{"@context":"https:\/\/schema.org","@graph":[{"@type":"WebPage","@id":"https:\/\/www.beaches-bonaire.com\/de\/bedingungen\/","url":"https:\/\/www.beaches-bonaire.com\/de\/bedingungen\/","name":"BEACHES ocean view apartments | Bedingungen","isPartOf":{"@id":"https:\/\/www.beaches-bonaire.com\/de\/#website"},"datePublished":"2016-11-19T00:45:32+00:00","dateModified":"2022-08-12T12:34:06+00:00","description":"BEACHES Bonaire ist eine komfortabele Unterkunft in Fu\u00dfentfernung von Str\u00e4nden und mit einer sch\u00f6nen Meeresaussicht.","breadcrumb":{"@id":"https:\/\/www.beaches-bonaire.com\/de\/bedingungen\/#breadcrumb"},"inLanguage":"de","potentialAction":[{"@type":"ReadAction","target":["https:\/\/www.beaches-bonaire.com\/de\/bedingungen\/"]}]},{"@type":"BreadcrumbList","@id":"https:\/\/www.beaches-bonaire.com\/de\/bedingungen\/#breadcrumb","itemListElement":[{"@type":"ListItem","position":1,"name":"Home","item":"https:\/\/www.beaches-bonaire.com\/de\/"},{"@type":"ListItem","position":2,"name":"Bedingungen"}]},{"@type":"WebSite","@id":"https:\/\/www.beaches-bonaire.com\/de\/#website","url":"https:\/\/www.beaches-bonaire.com\/de\/","name":"BEACHES Meeresaussicht Appartments Bonaire","description":"Home","publisher":{"@id":"https:\/\/www.beaches-bonaire.com\/de\/#organization"},"potentialAction":[{"@type":"SearchAction","target":{"@type":"EntryPoint","urlTemplate":"https:\/\/www.beaches-bonaire.com\/de\/?s={search_term_string}"},"query-input":"required name=search_term_string"}],"inLanguage":"de"},{"@type":"Organization","@id":"https:\/\/www.beaches-bonaire.com\/de\/#organization","name":"BEACHES ocean view apartments","url":"https:\/\/www.beaches-bonaire.com\/de\/","logo":{"@type":"ImageObject","inLanguage":"de","@id":"https:\/\/www.beaches-bonaire.com\/de\/#\/schema\/logo\/image\/","url":"https:\/\/www.beaches-bonaire.com\/wp-content\/uploads\/2019\/10\/logo-beaches-signature.jpg","contentUrl":"https:\/\/www.beaches-bonaire.com\/wp-content\/uploads\/2019\/10\/logo-beaches-signature.jpg","width":500,"height":260,"caption":"BEACHES ocean view apartments"},"image":{"@id":"https:\/\/www.beaches-bonaire.com\/de\/#\/schema\/logo\/image\/"},"sameAs":["https:\/\/www.facebook.com\/beachesbonaire\/","https:\/\/www.instagram.com\/beachesbonaire\/"]}]}},"_links":{"self":[{"href":"https:\/\/www.beaches-bonaire.com\/de\/wp-json\/wp\/v2\/pages\/17473","targetHints":{"allow":["GET"]}}],"collection":[{"href":"https:\/\/www.beaches-bonaire.com\/de\/wp-json\/wp\/v2\/pages"}],"about":[{"href":"https:\/\/www.beaches-bonaire.com\/de\/wp-json\/wp\/v2\/types\/page"}],"author":[{"embeddable":true,"href":"https:\/\/www.beaches-bonaire.com\/de\/wp-json\/wp\/v2\/users\/1"}],"replies":[{"embeddable":true,"href":"https:\/\/www.beaches-bonaire.com\/de\/wp-json\/wp\/v2\/comments?post=17473"}],"version-history":[{"count":9,"href":"https:\/\/www.beaches-bonaire.com\/de\/wp-json\/wp\/v2\/pages\/17473\/revisions"}],"predecessor-version":[{"id":19568,"href":"https:\/\/www.beaches-bonaire.com\/de\/wp-json\/wp\/v2\/pages\/17473\/revisions\/19568"}],"wp:attachment":[{"href":"https:\/\/www.beaches-bonaire.com\/de\/wp-json\/wp\/v2\/media?parent=17473"}],"curies":[{"name":"wp","href":"https:\/\/api.w.org\/{rel}","templated":true}]}}