{"id":17471,"date":"2016-11-18T20:45:32","date_gmt":"2016-11-19T00:45:32","guid":{"rendered":"https:\/\/www.beaches-bonaire.com\/de\/?page_id=17471"},"modified":"2020-06-09T07:47:26","modified_gmt":"2020-06-09T11:47:26","slug":"haftungsausschluss","status":"publish","type":"page","link":"https:\/\/www.beaches-bonaire.com\/de\/haftungsausschluss\/","title":{"rendered":"Haftungsausschlu\u00df"},"content":{"rendered":"<p>[vc_row row_type=&#8220;row&#8220; use_row_as_full_screen_section=&#8220;no&#8220; type=&#8220;grid&#8220; angled_section=&#8220;no&#8220; text_align=&#8220;left&#8220; background_image_as_pattern=&#8220;without_pattern&#8220; padding_top=&#8220;82&#8243; padding_bottom=&#8220;45&#8243; css_animation=&#8220;&#8220;][vc_column][vc_column_text]<\/p>\n<h2 style=\"text-align: center;\">Haftungsausschlu\u00df<\/h2>\n<p>[\/vc_column_text][vc_separator type=&#8220;small&#8220; position=&#8220;center&#8220; up=&#8220;17&#8243; down=&#8220;60&#8243;][vc_column_text]Es k\u00f6nnen auf den Inhalt und die Bilder dieser Website keine juristischen Rechte gegr\u00fcndet werden.[\/vc_column_text][\/vc_column][\/vc_row][vc_row row_type=&#8220;parallax&#8220; parallax_content_width=&#8220;full_width&#8220; text_align=&#8220;left&#8220; background_image=&#8220;16856&#8243; full_screen_section_height=&#8220;no&#8220;][vc_column][vc_empty_space height=&#8220;125px&#8220;][vc_column_text]<\/p>\n<h2 style=\"text-align: center;\"><span style=\"color: #ffffff;\">Caribbean paradise island Bonaire <\/span><\/h2>\n<p>[\/vc_column_text][vc_empty_space][vc_row_inner row_type=&#8220;row&#8220; type=&#8220;full_width&#8220; text_align=&#8220;center&#8220; css_animation=&#8220;&#8220;][vc_column_inner]<a  itemprop=\"url\" href=\"https:\/\/www.beaches-bonaire.com\/de\/bonaire\" target=\"_self\"  class=\"qbutton  center default\" style=\"\">Lesen Sie mehr<\/a>[\/vc_column_inner][\/vc_row_inner][vc_empty_space height=&#8220;125px&#8220;][vc_row_inner row_type=&#8220;row&#8220; type=&#8220;full_width&#8220; text_align=&#8220;left&#8220; css_animation=&#8220;&#8220;][vc_column_inner el_class=&#8220;nomargins&#8220; css=&#8220;.vc_custom_1478111783298{margin-right: 0px !important;margin-left: 0px !important;padding-right: 0px !important;padding-left: 0px !important;}&#8220;][vc_single_image image=&#8220;17134&#8243; img_size=&#8220;full&#8220; qode_css_animation=&#8220;&#8220;][\/vc_column_inner][\/vc_row_inner][\/vc_column][\/vc_row]<\/p>\n","protected":false},"excerpt":{"rendered":"<p>[vc_row row_type=&#8220;row&#8220; use_row_as_full_screen_section=&#8220;no&#8220; type=&#8220;grid&#8220; angled_section=&#8220;no&#8220; text_align=&#8220;left&#8220; background_image_as_pattern=&#8220;without_pattern&#8220; padding_top=&#8220;82&#8243; padding_bottom=&#8220;45&#8243; css_animation=&#8220;&#8220;][vc_column][vc_column_text] Haftungsausschlu\u00df [\/vc_column_text][vc_separator type=&#8220;small&#8220; position=&#8220;center&#8220; up=&#8220;17&#8243; down=&#8220;60&#8243;][vc_column_text]Es k\u00f6nnen auf den Inhalt und die Bilder dieser Website keine juristischen Rechte gegr\u00fcndet werden.[\/vc_column_text][\/vc_column][\/vc_row][vc_row row_type=&#8220;parallax&#8220; parallax_content_width=&#8220;full_width&#8220; text_align=&#8220;left&#8220; background_image=&#8220;16856&#8243; full_screen_section_height=&#8220;no&#8220;][vc_column][vc_empty_space height=&#8220;125px&#8220;][vc_column_text] Caribbean paradise island Bonaire [\/vc_column_text][vc_empty_space][vc_row_inner row_type=&#8220;row&#8220; type=&#8220;full_width&#8220; text_align=&#8220;center&#8220; css_animation=&#8220;&#8220;][vc_column_inner][\/vc_column_inner][\/vc_row_inner][vc_empty_space&#8230;<\/p>\n","protected":false},"author":1,"featured_media":0,"parent":0,"menu_order":0,"comment_status":"closed","ping_status":"closed","template":"full_width.php","meta":{"footnotes":""},"class_list":["post-17471","page","type-page","status-publish","hentry"],"yoast_head":"<!-- This site is optimized with the Yoast SEO plugin v21.2 - https:\/\/yoast.com\/wordpress\/plugins\/seo\/ -->\n<title>BEACHES ocean view apartments | Haftungsausschlu\u00df<\/title>\n<meta name=\"description\" content=\"BEACHES Bonaire ist eine komfortabele Unterkunft in Fu\u00dfentfernung von Str\u00e4nden und mit einer sch\u00f6nen Meeresaussicht.\" \/>\n<meta name=\"robots\" content=\"index, follow, max-snippet:-1, max-image-preview:large, max-video-preview:-1\" \/>\n<link rel=\"canonical\" href=\"https:\/\/www.beaches-bonaire.com\/de\/haftungsausschluss\/\" \/>\n<meta property=\"og:locale\" content=\"de_DE\" \/>\n<meta property=\"og:type\" content=\"article\" \/>\n<meta property=\"og:title\" content=\"BEACHES ocean view apartments | Haftungsausschlu\u00df\" \/>\n<meta property=\"og:description\" content=\"BEACHES Bonaire ist eine komfortabele Unterkunft in Fu\u00dfentfernung von Str\u00e4nden und mit einer sch\u00f6nen Meeresaussicht.\" \/>\n<meta property=\"og:url\" content=\"https:\/\/www.beaches-bonaire.com\/de\/haftungsausschluss\/\" \/>\n<meta property=\"og:site_name\" content=\"BEACHES Meeresaussicht Appartments Bonaire\" \/>\n<meta property=\"article:publisher\" content=\"https:\/\/www.facebook.com\/beachesbonaire\/\" \/>\n<meta property=\"article:modified_time\" content=\"2020-06-09T11:47:26+00:00\" \/>\n<meta name=\"twitter:card\" content=\"summary_large_image\" \/>\n<meta name=\"twitter:label1\" content=\"Gesch\u00e4tzte Lesezeit\" \/>\n\t<meta name=\"twitter:data1\" content=\"1\u00a0Minute\" \/>\n<script type=\"application\/ld+json\" class=\"yoast-schema-graph\">{\"@context\":\"https:\/\/schema.org\",\"@graph\":[{\"@type\":\"WebPage\",\"@id\":\"https:\/\/www.beaches-bonaire.com\/de\/haftungsausschluss\/\",\"url\":\"https:\/\/www.beaches-bonaire.com\/de\/haftungsausschluss\/\",\"name\":\"BEACHES ocean view apartments | Haftungsausschlu\u00df\",\"isPartOf\":{\"@id\":\"https:\/\/www.beaches-bonaire.com\/de\/#website\"},\"datePublished\":\"2016-11-19T00:45:32+00:00\",\"dateModified\":\"2020-06-09T11:47:26+00:00\",\"description\":\"BEACHES Bonaire ist eine komfortabele Unterkunft in Fu\u00dfentfernung von Str\u00e4nden und mit einer sch\u00f6nen Meeresaussicht.\",\"breadcrumb\":{\"@id\":\"https:\/\/www.beaches-bonaire.com\/de\/haftungsausschluss\/#breadcrumb\"},\"inLanguage\":\"de\",\"potentialAction\":[{\"@type\":\"ReadAction\",\"target\":[\"https:\/\/www.beaches-bonaire.com\/de\/haftungsausschluss\/\"]}]},{\"@type\":\"BreadcrumbList\",\"@id\":\"https:\/\/www.beaches-bonaire.com\/de\/haftungsausschluss\/#breadcrumb\",\"itemListElement\":[{\"@type\":\"ListItem\",\"position\":1,\"name\":\"Home\",\"item\":\"https:\/\/www.beaches-bonaire.com\/de\/\"},{\"@type\":\"ListItem\",\"position\":2,\"name\":\"Haftungsausschlu\u00df\"}]},{\"@type\":\"WebSite\",\"@id\":\"https:\/\/www.beaches-bonaire.com\/de\/#website\",\"url\":\"https:\/\/www.beaches-bonaire.com\/de\/\",\"name\":\"BEACHES Meeresaussicht Appartments Bonaire\",\"description\":\"Home\",\"publisher\":{\"@id\":\"https:\/\/www.beaches-bonaire.com\/de\/#organization\"},\"potentialAction\":[{\"@type\":\"SearchAction\",\"target\":{\"@type\":\"EntryPoint\",\"urlTemplate\":\"https:\/\/www.beaches-bonaire.com\/de\/?s={search_term_string}\"},\"query-input\":\"required name=search_term_string\"}],\"inLanguage\":\"de\"},{\"@type\":\"Organization\",\"@id\":\"https:\/\/www.beaches-bonaire.com\/de\/#organization\",\"name\":\"BEACHES ocean view apartments\",\"url\":\"https:\/\/www.beaches-bonaire.com\/de\/\",\"logo\":{\"@type\":\"ImageObject\",\"inLanguage\":\"de\",\"@id\":\"https:\/\/www.beaches-bonaire.com\/de\/#\/schema\/logo\/image\/\",\"url\":\"https:\/\/www.beaches-bonaire.com\/wp-content\/uploads\/2019\/10\/logo-beaches-signature.jpg\",\"contentUrl\":\"https:\/\/www.beaches-bonaire.com\/wp-content\/uploads\/2019\/10\/logo-beaches-signature.jpg\",\"width\":500,\"height\":260,\"caption\":\"BEACHES ocean view apartments\"},\"image\":{\"@id\":\"https:\/\/www.beaches-bonaire.com\/de\/#\/schema\/logo\/image\/\"},\"sameAs\":[\"https:\/\/www.facebook.com\/beachesbonaire\/\",\"https:\/\/www.instagram.com\/beachesbonaire\/\"]}]}<\/script>\n<!-- \/ Yoast SEO plugin. -->","yoast_head_json":{"title":"BEACHES ocean view apartments | Haftungsausschlu\u00df","description":"BEACHES Bonaire ist eine komfortabele Unterkunft in Fu\u00dfentfernung von Str\u00e4nden und mit einer sch\u00f6nen Meeresaussicht.","robots":{"index":"index","follow":"follow","max-snippet":"max-snippet:-1","max-image-preview":"max-image-preview:large","max-video-preview":"max-video-preview:-1"},"canonical":"https:\/\/www.beaches-bonaire.com\/de\/haftungsausschluss\/","og_locale":"de_DE","og_type":"article","og_title":"BEACHES ocean view apartments | Haftungsausschlu\u00df","og_description":"BEACHES Bonaire ist eine komfortabele Unterkunft in Fu\u00dfentfernung von Str\u00e4nden und mit einer sch\u00f6nen Meeresaussicht.","og_url":"https:\/\/www.beaches-bonaire.com\/de\/haftungsausschluss\/","og_site_name":"BEACHES Meeresaussicht Appartments Bonaire","article_publisher":"https:\/\/www.facebook.com\/beachesbonaire\/","article_modified_time":"2020-06-09T11:47:26+00:00","twitter_card":"summary_large_image","twitter_misc":{"Gesch\u00e4tzte Lesezeit":"1\u00a0Minute"},"schema":{"@context":"https:\/\/schema.org","@graph":[{"@type":"WebPage","@id":"https:\/\/www.beaches-bonaire.com\/de\/haftungsausschluss\/","url":"https:\/\/www.beaches-bonaire.com\/de\/haftungsausschluss\/","name":"BEACHES ocean view apartments | Haftungsausschlu\u00df","isPartOf":{"@id":"https:\/\/www.beaches-bonaire.com\/de\/#website"},"datePublished":"2016-11-19T00:45:32+00:00","dateModified":"2020-06-09T11:47:26+00:00","description":"BEACHES Bonaire ist eine komfortabele Unterkunft in Fu\u00dfentfernung von Str\u00e4nden und mit einer sch\u00f6nen Meeresaussicht.","breadcrumb":{"@id":"https:\/\/www.beaches-bonaire.com\/de\/haftungsausschluss\/#breadcrumb"},"inLanguage":"de","potentialAction":[{"@type":"ReadAction","target":["https:\/\/www.beaches-bonaire.com\/de\/haftungsausschluss\/"]}]},{"@type":"BreadcrumbList","@id":"https:\/\/www.beaches-bonaire.com\/de\/haftungsausschluss\/#breadcrumb","itemListElement":[{"@type":"ListItem","position":1,"name":"Home","item":"https:\/\/www.beaches-bonaire.com\/de\/"},{"@type":"ListItem","position":2,"name":"Haftungsausschlu\u00df"}]},{"@type":"WebSite","@id":"https:\/\/www.beaches-bonaire.com\/de\/#website","url":"https:\/\/www.beaches-bonaire.com\/de\/","name":"BEACHES Meeresaussicht Appartments Bonaire","description":"Home","publisher":{"@id":"https:\/\/www.beaches-bonaire.com\/de\/#organization"},"potentialAction":[{"@type":"SearchAction","target":{"@type":"EntryPoint","urlTemplate":"https:\/\/www.beaches-bonaire.com\/de\/?s={search_term_string}"},"query-input":"required name=search_term_string"}],"inLanguage":"de"},{"@type":"Organization","@id":"https:\/\/www.beaches-bonaire.com\/de\/#organization","name":"BEACHES ocean view apartments","url":"https:\/\/www.beaches-bonaire.com\/de\/","logo":{"@type":"ImageObject","inLanguage":"de","@id":"https:\/\/www.beaches-bonaire.com\/de\/#\/schema\/logo\/image\/","url":"https:\/\/www.beaches-bonaire.com\/wp-content\/uploads\/2019\/10\/logo-beaches-signature.jpg","contentUrl":"https:\/\/www.beaches-bonaire.com\/wp-content\/uploads\/2019\/10\/logo-beaches-signature.jpg","width":500,"height":260,"caption":"BEACHES ocean view apartments"},"image":{"@id":"https:\/\/www.beaches-bonaire.com\/de\/#\/schema\/logo\/image\/"},"sameAs":["https:\/\/www.facebook.com\/beachesbonaire\/","https:\/\/www.instagram.com\/beachesbonaire\/"]}]}},"_links":{"self":[{"href":"https:\/\/www.beaches-bonaire.com\/de\/wp-json\/wp\/v2\/pages\/17471","targetHints":{"allow":["GET"]}}],"collection":[{"href":"https:\/\/www.beaches-bonaire.com\/de\/wp-json\/wp\/v2\/pages"}],"about":[{"href":"https:\/\/www.beaches-bonaire.com\/de\/wp-json\/wp\/v2\/types\/page"}],"author":[{"embeddable":true,"href":"https:\/\/www.beaches-bonaire.com\/de\/wp-json\/wp\/v2\/users\/1"}],"replies":[{"embeddable":true,"href":"https:\/\/www.beaches-bonaire.com\/de\/wp-json\/wp\/v2\/comments?post=17471"}],"version-history":[{"count":3,"href":"https:\/\/www.beaches-bonaire.com\/de\/wp-json\/wp\/v2\/pages\/17471\/revisions"}],"predecessor-version":[{"id":18168,"href":"https:\/\/www.beaches-bonaire.com\/de\/wp-json\/wp\/v2\/pages\/17471\/revisions\/18168"}],"wp:attachment":[{"href":"https:\/\/www.beaches-bonaire.com\/de\/wp-json\/wp\/v2\/media?parent=17471"}],"curies":[{"name":"wp","href":"https:\/\/api.w.org\/{rel}","templated":true}]}}