{"id":17468,"date":"2016-10-24T15:06:48","date_gmt":"2016-10-24T19:06:48","guid":{"rendered":"https:\/\/www.beaches-bonaire.com\/de\/bonaire\/"},"modified":"2021-09-10T08:00:13","modified_gmt":"2021-09-10T12:00:13","slug":"bonaire","status":"publish","type":"page","link":"https:\/\/www.beaches-bonaire.com\/de\/bonaire\/","title":{"rendered":"Bonaire"},"content":{"rendered":"<p>[vc_row css_animation=&#8220;&#8220; row_type=&#8220;row&#8220; use_row_as_full_screen_section=&#8220;no&#8220; type=&#8220;grid&#8220; angled_section=&#8220;no&#8220; text_align=&#8220;left&#8220; background_image_as_pattern=&#8220;without_pattern&#8220; padding_top=&#8220;82&#8243; padding_bottom=&#8220;45&#8243;][vc_column][vc_column_text]<\/p>\n<h2 style=\"text-align: center;\">Weshalb Bonaire?<\/h2>\n<p>[\/vc_column_text][vc_separator type=&#8220;small&#8220; position=&#8220;center&#8220; up=&#8220;17&#8243; down=&#8220;60&#8243;][vc_column_text]Bonaire bildet zusammen mit Aruba und Curacao die ABC- Inseln. Die Insel liegt n\u00f6rdlich von S\u00fcdamerika, nahe Venezuela. Die offizielle Gemeinsprache ist Niederl\u00e4ndisch, aber man spricht viel Papiamentu, Englisch und Spanisch.[\/vc_column_text][vc_empty_space][vc_video link=&#8220;https:\/\/vimeo.com\/425808314&#8243;][\/vc_column][\/vc_row][vc_row css_animation=&#8220;&#8220; row_type=&#8220;row&#8220; use_row_as_full_screen_section=&#8220;no&#8220; type=&#8220;grid&#8220; angled_section=&#8220;no&#8220; text_align=&#8220;left&#8220; background_image_as_pattern=&#8220;without_pattern&#8220; background_color=&#8220;#f8f8f8&#8243; padding_top=&#8220;75&#8243; padding_bottom=&#8220;42&#8243;][vc_column][vc_row_inner row_type=&#8220;row&#8220; type=&#8220;full_width&#8220; text_align=&#8220;left&#8220; css_animation=&#8220;&#8220;][vc_column_inner width=&#8220;1\/2&#8243;][vc_single_image image=&#8220;16977&#8243; img_size=&#8220;large&#8220; qode_css_animation=&#8220;element_from_left&#8220; transition_delay=&#8220;0.1&#8243;][vc_separator type=&#8220;transparent&#8220; up=&#8220;22&#8243; down=&#8220;0&#8243;][vc_single_image image=&#8220;17013&#8243; img_size=&#8220;large&#8220; qode_css_animation=&#8220;element_from_left&#8220; transition_delay=&#8220;0.2&#8243;][\/vc_column_inner][vc_column_inner width=&#8220;1\/2&#8243;][vc_column_text]Wir geben Ihnen ein paar sehr gute Gr\u00fcnde, nach Bonaire, einer der sch\u00f6nsten karibischen Inseln, zu reisen:<\/p>\n<p>&nbsp;<\/p>\n<p><strong>1 Unvergleichliches Tauchen<\/strong><\/p>\n<p>Bonaire ist wirklich ein Taucherparadies. Sehr viele Tauchpl\u00e4tze sind ab dem Ufer zug\u00e4nglich, wodurch man selbst\u00e4ndig tauchen kann. Dar\u00fcberhinaus gibt es viele ausgezeichnete Tauchschulen, die Sie bei Ihrem perfekten Taucherlebnis auf Bonaire begleiten. Ob es nun geht um Tauchausr\u00fcstung und Luft, einen Tauchkurs oder um einen ganz versorgten Bootausflug zu wundersch\u00f6nen Pl\u00e4tzen: alles ist m\u00f6glich auf Bonaire! F\u00fcr die mehr erfahrenen Taucher gibt es anspruchsvolle Pl\u00e4tze an der Ostk\u00fcste von Bonaire. Man kann hier u.a. Adlerrochen, Stechrochen, gr\u00fcne Mur\u00e4nen, Haifische und Schildkr\u00f6ten treffen.<br \/>\nDer Tauchanbieter Wannadive &#8211; <a href=\"http:\/\/www.wannadive.com\" target=\"_blank\" rel=\"noopener noreferrer\">www.wannadive.com<\/a> &#8211; hat eine brandneue Tauchbasis in der N\u00e4he von Isla Apartments. Sie bieten eine breite Palette von Tauchdienstleistungen an und als unser Gast erhalten Sie 10% Rabatt auf ihre regul\u00e4ren Preise.<\/p>\n<p>&nbsp;<\/p>\n<p><strong>2 Wei\u00dfe Str\u00e4nde<\/strong><\/p>\n<p>Bonaire hat keine Str\u00e4nde wie man sie vom Massentourismus her kennt. Wohl gibt es prachtvolle, unverdorbene Str\u00e4nde an mehreren Stellen auf der Insel. No Name Beach auf der kleinen, unbewohnten Insel Klein Bonaire ist reizend und im Slagbaai National Park gibt es auch mehrere wundersch\u00f6ne kleine Str\u00e4nde. Die beliebten Str\u00e4nde Donkey Beach, Bachelor\u2019s Beach und Te Amo Beach liegen in der N\u00e4he der Hauptstadt Kralendijk. Die Str\u00e4nde von Bonaire sind Brutgebiete von vier Arten Seeschildkr\u00f6ten. Wenn man Gl\u00fcck hat, kann man das Ausschl\u00fcpfen von Babyschildkr\u00f6ten miterleben!<\/p>\n<p>&nbsp;<\/p>\n<p><strong>3 Sch\u00f6ne und unverdorbene Natur<\/strong><\/p>\n<p>Die Natur auf Bonaire ist einzigartig und sch\u00f6n und es gibt zwei nationale Naturp\u00e4rke. Einen \u00fcber Wasser, den Washington Slagbaai National Park, und einen unter Wasser, den Bonaire National Marine Park.[\/vc_column_text][\/vc_column_inner][\/vc_row_inner][\/vc_column][\/vc_row][vc_row css_animation=&#8220;&#8220; row_type=&#8220;row&#8220; use_row_as_full_screen_section=&#8220;no&#8220; type=&#8220;full_width&#8220; angled_section=&#8220;no&#8220; text_align=&#8220;left&#8220; background_image_as_pattern=&#8220;without_pattern&#8220; css=&#8220;.vc_custom_1477423072267{margin-top: 0px !important;margin-right: 0px !important;margin-bottom: 0px !important;margin-left: 0px !important;}&#8220;][vc_column width=&#8220;1\/4&#8243; el_class=&#8220;nomargins&#8220; css=&#8220;.vc_custom_1477423764929{margin-right: 0px !important;margin-left: 0px !important;padding-right: 0px !important;padding-left: 0px !important;}&#8220;][vc_single_image image=&#8220;17005&#8243; img_size=&#8220;large&#8220; qode_css_animation=&#8220;&#8220;][\/vc_column][vc_column width=&#8220;1\/4&#8243; el_class=&#8220;nomargins&#8220; css=&#8220;.vc_custom_1477423773150{margin-right: 0px !important;margin-left: 0px !important;padding-right: 0px !important;padding-left: 0px !important;}&#8220;][vc_single_image image=&#8220;17007&#8243; img_size=&#8220;large&#8220; qode_css_animation=&#8220;&#8220;][\/vc_column][vc_column width=&#8220;1\/4&#8243; css=&#8220;.vc_custom_1477423788502{margin-right: 0px !important;margin-left: 0px !important;padding-right: 0px !important;padding-left: 0px !important;}&#8220; el_class=&#8220;nomargins&#8220;][vc_single_image image=&#8220;17009&#8243; img_size=&#8220;large&#8220; qode_css_animation=&#8220;&#8220;][\/vc_column][vc_column width=&#8220;1\/4&#8243; el_class=&#8220;nomargins&#8220; css=&#8220;.vc_custom_1477423801206{margin-right: 0px !important;margin-left: 0px !important;padding-right: 0px !important;padding-left: 0px !important;}&#8220;][vc_single_image image=&#8220;17010&#8243; img_size=&#8220;large&#8220; qode_css_animation=&#8220;&#8220;][\/vc_column][\/vc_row][vc_row css_animation=&#8220;&#8220; row_type=&#8220;row&#8220; use_row_as_full_screen_section=&#8220;no&#8220; type=&#8220;grid&#8220; angled_section=&#8220;no&#8220; text_align=&#8220;left&#8220; background_image_as_pattern=&#8220;without_pattern&#8220; background_color=&#8220;#f8f8f8&#8243; padding_top=&#8220;75&#8243; padding_bottom=&#8220;42&#8243;][vc_column][vc_row_inner row_type=&#8220;row&#8220; type=&#8220;full_width&#8220; text_align=&#8220;left&#8220; css_animation=&#8220;&#8220;][vc_column_inner width=&#8220;1\/2&#8243;][vc_column_text]<em>Washington Slagbaai National Park<\/em><\/p>\n<p>Der Washington Slagbaai National Park (gegr\u00fcndet 1969) ist ein 5.643 Hektar gro\u00dfes Naturgebiet im Nordwesten von Bonaire. Es leben da Papageien, Flamingos, Wellensittiche, Leguane und viele andere Arten V\u00f6gel und Reptilien. Es gibt D\u00fcnen, Str\u00e4nde, Salinas, viele Kakteen und trockene Geb\u00fcsche und Mangrovew\u00e4lder. Hier befindet sich auch der h\u00f6chste Berg von Bonaire, der Brandaris (241 m.), den man erklettern kann.<\/p>\n<p>&nbsp;<\/p>\n<p><em>Bonaire National Marine Park<\/em><\/p>\n<p>Bonaires Korallenriff (mit etwa 60 Arten Koralle) beginnt bei der K\u00fcstenlinie und setzt sich bis etwa 300 Meter ins Meer fort. Das ganze Gebiet von 27 Quadratkilometern ist Teil des Bonaire National Marine Park (gegr\u00fcndet 1979). Gesch\u00fctze Natur bis zu einer Tiefe von 60 Metern.<\/p>\n<p>&nbsp;<\/p>\n<p><strong>4 Bonaires Wildleben<\/strong><\/p>\n<p>Die wichtigste Brutst\u00e4tte von Flamingos im karibischen Bereich befindet sich auf Bonaire. Abh\u00e4ngig von der Saison leben zwischen 2.000 und 7.000 Flamingos auf Bonaire. Man trifft sie an verschiedenen Stellen: am P\u00f6kelsee, Gotosee, im Washington Slagbaai National Park und in mehreren Salinas auf der Insel. \u00dcberdies hat Bonaire viele verschiedene Arten tropischer V\u00f6gel und sind Leguane und Esel hier zu Hause. Unter Wasser begegnet man zahllosen tropischen Fischarten und Schildkr\u00f6ten und, wenn man Gl\u00fcck hat, auch Delphinen.[\/vc_column_text][\/vc_column_inner][vc_column_inner width=&#8220;1\/2&#8243;][vc_single_image image=&#8220;17003&#8243; img_size=&#8220;large&#8220; qode_css_animation=&#8220;element_from_right&#8220; transition_delay=&#8220;0.1&#8243;][vc_separator type=&#8220;transparent&#8220; up=&#8220;22&#8243; down=&#8220;0&#8243;][vc_single_image image=&#8220;16984&#8243; img_size=&#8220;large&#8220; qode_css_animation=&#8220;element_from_right&#8220; transition_delay=&#8220;0.2&#8243;][\/vc_column_inner][\/vc_row_inner][\/vc_column][\/vc_row][vc_row row_type=&#8220;parallax&#8220; parallax_content_width=&#8220;in_grid&#8220; text_align=&#8220;left&#8220; full_screen_section_height=&#8220;no&#8220; background_image=&#8220;16856&#8243;][vc_column][vc_empty_space height=&#8220;300px&#8220;][\/vc_column][\/vc_row][vc_row css_animation=&#8220;&#8220; row_type=&#8220;row&#8220; use_row_as_full_screen_section=&#8220;no&#8220; type=&#8220;grid&#8220; angled_section=&#8220;no&#8220; text_align=&#8220;left&#8220; background_image_as_pattern=&#8220;without_pattern&#8220; padding_top=&#8220;75&#8243; padding_bottom=&#8220;42&#8243;][vc_column width=&#8220;1\/2&#8243;][vc_column_text]<strong>5 Windsurfen und Kitesurfen<\/strong><\/p>\n<p>Lac Bay ist eine einzigartige blaugr\u00fcne Bai mit untiefem Wasser, die durch ein Korallenriff besch\u00fctzt wird. Mit dieser idealen Lage und dem stabilen Wind ist sie der Heimathafen von Bonaires Freestyle Windsurfern. Unterricht und Materiale sind zur Verf\u00fcgung. Kitesurfer gehen zu Atlantis\/ Kite Beach im S\u00fcdwesten von Bonaire. Es ist ein perfekter Kiteplatz mit warmem, flachem Wasser und einem stabilen Wind. Schlie\u00dfen Sie sich der entspannten Kitegemeinschaft an, begegnen Sie neuen Leuten und kiten Sie mit Schildkr\u00f6ten und (wenn Sie Gl\u00fcck haben) mit Delphinen.<br \/>\nUnter <a href=\"http:\/\/www.kiteboardingbonaire.com\" target=\"_blank\" rel=\"noopener noreferrer\">www.kiteboardingbonaire.com<\/a> finden Sie Informationen \u00fcber Unterricht und Ausr\u00fcstungsverleih.<\/p>\n<p>&nbsp;<\/p>\n<p><strong>6 Mehere andere Aktivit\u00e4ten<\/strong><\/p>\n<p>Man kann viele verschiedene Aktivit\u00e4ten unternehmen auf der kleinen Insel Bonaire! Wandern, Mountenbike fahren, Reiten durch die Natur und in den Lagunen Segeln, Wakeboarden, Angeln\u2026 und noch vieles mehr. Kommen Sie und entdecken Sie alle Aktivit\u00e4ten auf Bonaire!<\/p>\n<p>&nbsp;<\/p>\n<p><strong>7 Gute Services<\/strong><\/p>\n<p>Bonaire ist eine besondere Gemeinde der Niederl\u00e4nde.[\/vc_column_text][\/vc_column][vc_column width=&#8220;1\/2&#8243;][vc_column_text]Dadurch kann man auf gute Services rechnen, falls man sie braucht. Auch gibt es mehrere gute Superm\u00e4rkte und andere Gesch\u00e4fte auf Bonaire.<\/p>\n<p>&nbsp;<\/p>\n<p><strong>8 Ausgezeichnete Restaurants<\/strong><\/p>\n<p>Auf kulinarischem Gebiet brauchen Sie sich nicht zu langweilen auf Bonaire .Es gibt mehrere hervorragende Restaurants, die auf vorz\u00fcgliche Weise lokales und internationales Essen bieten. Selbstverst\u00e4ndlich steht frischer Fisch \u00fcberall auf dem Men\u00fc!<\/p>\n<p>&nbsp;<\/p>\n<p><strong>9 Entspannte Atmosph\u00e4re<\/strong><\/p>\n<p>Auf Bonaire ist es ruhig und die Atmosph\u00e4re ist entspannt. Es gibt keine Verkehrsampeln oder Autobahnen. Die Menschen sind freundlich und sich gr\u00fc\u00dfen auf der Strasse ist ganz normal. Auf Bonaire findet man keinen Massentourismus und grosse Resorts. Und alles geschieht im langsamen[\/vc_column_text][\/vc_column][\/vc_row][vc_row css_animation=&#8220;&#8220; row_type=&#8220;row&#8220; use_row_as_full_screen_section=&#8220;no&#8220; type=&#8220;grid&#8220; angled_section=&#8220;no&#8220; text_align=&#8220;left&#8220; background_image_as_pattern=&#8220;without_pattern&#8220;][vc_column][vc_separator type=&#8220;normal&#8220; color=&#8220;#00aeec&#8220;][\/vc_column][\/vc_row][vc_row css_animation=&#8220;&#8220; row_type=&#8220;row&#8220; use_row_as_full_screen_section=&#8220;no&#8220; type=&#8220;grid&#8220; angled_section=&#8220;no&#8220; text_align=&#8220;left&#8220; background_image_as_pattern=&#8220;without_pattern&#8220; padding_top=&#8220;35&#8243; padding_bottom=&#8220;42&#8243;][vc_column width=&#8220;1\/2&#8243;][vc_single_image image=&#8220;16942&#8243; img_size=&#8220;large&#8220; qode_css_animation=&#8220;element_from_left&#8220; transition_delay=&#8220;0.2&#8243;][\/vc_column][vc_column width=&#8220;1\/2&#8243;][vc_column_text]<\/p>\n<div class=\"vc_row wpb_row vc_row-fluid\">\n<div class=\"wpb_column vc_column_container vc_col-sm-12\">\n<div class=\"vc_column-inner \">\n<div class=\"wpb_wrapper\">\n<div class=\"wpb_text_column wpb_content_element \">\n<div class=\"wpb_wrapper\">\n<h3>Bonaire facts<\/h3>\n<\/div>\n<\/div>\n<\/div>\n<\/div>\n<\/div>\n<\/div>\n<p>[\/vc_column_text][vc_empty_space height=&#8220;12px&#8220;]<div class=\"q_icon_list\"><i class=\"qode_icon_font_awesome fa fa-plus qode-ili-icon-holder transparent\" style=\"color: #00aeec;\" ><\/i><p style=\"font-size: 14px;\">Lokation: 12 9N, 68 16 W<\/p><\/div><div class=\"q_icon_list\"><i class=\"qode_icon_font_awesome fa fa-plus qode-ili-icon-holder transparent\" style=\"color: #00aeec;\" ><\/i><p style=\"font-size: 14px;\">Oberfl\u00e4che: 294 km2<\/p><\/div><div class=\"q_icon_list\"><i class=\"qode_icon_font_awesome fa fa-plus qode-ili-icon-holder transparent\" style=\"color: #00aeec;\" ><\/i><p style=\"font-size: 14px;\">Hauptstadt: Kralendijk<\/p><\/div><div class=\"q_icon_list\"><i class=\"qode_icon_font_awesome fa fa-plus qode-ili-icon-holder transparent\" style=\"color: #00aeec;\" ><\/i><p style=\"font-size: 14px;\">Einwohner: etwa 20.000<\/p><\/div><div class=\"q_icon_list\"><i class=\"qode_icon_font_awesome fa fa-plus qode-ili-icon-holder transparent\" style=\"color: #00aeec;\" ><\/i><p style=\"font-size: 14px;\">Sprache: Niederl\u00e4ndisch, Papiamentu, Englisch, Spanisch<\/p><\/div><div class=\"q_icon_list\"><i class=\"qode_icon_font_awesome fa fa-plus qode-ili-icon-holder transparent\" style=\"color: #00aeec;\" ><\/i><p style=\"font-size: 14px;\">M\u00fcnzeinheit: US Dollar<\/p><\/div><div class=\"q_icon_list\"><i class=\"qode_icon_font_awesome fa fa-plus qode-ili-icon-holder transparent\" style=\"color: #00aeec;\" ><\/i><p style=\"font-size: 14px;\">Zeitzone: UTC-4 oder UTC-5<\/p><\/div><div class=\"q_icon_list\"><i class=\"qode_icon_font_awesome fa fa-plus qode-ili-icon-holder transparent\" style=\"color: #00aeec;\" ><\/i><p style=\"font-size: 14px;\">Landkode: +599<\/p><\/div>[vc_empty_space][vc_column_text]Bonaire liegt au\u00dferhalb der Orkanzone und wird normalerweise nicht von den j\u00e4hrlichen St\u00fcrmen im karibischen Gebiet getroffen. Trotzdem gibt es Jahre, in denen die Insel wohl Schaden erleidet infolge des Windes und der Wellen, die durch St\u00fcrme weiter nordw\u00e4rts verursacht werden.[\/vc_column_text][\/vc_column][\/vc_row][vc_row css_animation=&#8220;&#8220; row_type=&#8220;row&#8220; use_row_as_full_screen_section=&#8220;no&#8220; type=&#8220;full_width&#8220; angled_section=&#8220;no&#8220; text_align=&#8220;left&#8220; background_image_as_pattern=&#8220;without_pattern&#8220; css=&#8220;.vc_custom_1477423072267{margin-top: 0px !important;margin-right: 0px !important;margin-bottom: 0px !important;margin-left: 0px !important;}&#8220;][vc_column width=&#8220;1\/4&#8243; el_class=&#8220;nomargins&#8220; css=&#8220;.vc_custom_1477423764929{margin-right: 0px !important;margin-left: 0px !important;padding-right: 0px !important;padding-left: 0px !important;}&#8220;][vc_single_image image=&#8220;17011&#8243; img_size=&#8220;large&#8220; qode_css_animation=&#8220;&#8220;][\/vc_column][vc_column width=&#8220;1\/4&#8243; el_class=&#8220;nomargins&#8220; css=&#8220;.vc_custom_1477423773150{margin-right: 0px !important;margin-left: 0px !important;padding-right: 0px !important;padding-left: 0px !important;}&#8220;][vc_single_image image=&#8220;17015&#8243; img_size=&#8220;large&#8220; qode_css_animation=&#8220;&#8220;][\/vc_column][vc_column width=&#8220;1\/4&#8243; css=&#8220;.vc_custom_1477423788502{margin-right: 0px !important;margin-left: 0px !important;padding-right: 0px !important;padding-left: 0px !important;}&#8220; el_class=&#8220;nomargins&#8220;][vc_single_image image=&#8220;17014&#8243; img_size=&#8220;large&#8220; qode_css_animation=&#8220;&#8220;][\/vc_column][vc_column width=&#8220;1\/4&#8243; el_class=&#8220;nomargins&#8220; css=&#8220;.vc_custom_1477423801206{margin-right: 0px !important;margin-left: 0px !important;padding-right: 0px !important;padding-left: 0px !important;}&#8220;][vc_single_image image=&#8220;17016&#8243; img_size=&#8220;large&#8220; qode_css_animation=&#8220;&#8220;][\/vc_column][\/vc_row]<\/p>\n","protected":false},"excerpt":{"rendered":"<p>[vc_row css_animation=&#8220;&#8220; row_type=&#8220;row&#8220; use_row_as_full_screen_section=&#8220;no&#8220; type=&#8220;grid&#8220; angled_section=&#8220;no&#8220; text_align=&#8220;left&#8220; background_image_as_pattern=&#8220;without_pattern&#8220; padding_top=&#8220;82&#8243; padding_bottom=&#8220;45&#8243;][vc_column][vc_column_text] Weshalb Bonaire? [\/vc_column_text][vc_separator type=&#8220;small&#8220; position=&#8220;center&#8220; up=&#8220;17&#8243; down=&#8220;60&#8243;][vc_column_text]Bonaire bildet zusammen mit Aruba und Curacao die ABC- Inseln. Die Insel liegt n\u00f6rdlich von S\u00fcdamerika, nahe Venezuela. Die offizielle Gemeinsprache ist Niederl\u00e4ndisch, aber man spricht viel Papiamentu, Englisch&#8230;<\/p>\n","protected":false},"author":1,"featured_media":0,"parent":0,"menu_order":0,"comment_status":"closed","ping_status":"closed","template":"full_width.php","meta":{"footnotes":""},"class_list":["post-17468","page","type-page","status-publish","hentry"],"yoast_head":"<!-- This site is optimized with the Yoast SEO plugin v21.2 - https:\/\/yoast.com\/wordpress\/plugins\/seo\/ -->\n<title>BEACHES ocean view apartments | Bonaire<\/title>\n<meta name=\"description\" content=\"BEACHES Bonaire ist eine komfortabele Unterkunft in Fu\u00dfentfernung von Str\u00e4nden und mit einer sch\u00f6nen Meeresaussicht.\" \/>\n<meta name=\"robots\" content=\"index, follow, max-snippet:-1, max-image-preview:large, max-video-preview:-1\" \/>\n<link rel=\"canonical\" href=\"https:\/\/www.beaches-bonaire.com\/de\/bonaire\/\" \/>\n<meta property=\"og:locale\" content=\"de_DE\" \/>\n<meta property=\"og:type\" content=\"article\" \/>\n<meta property=\"og:title\" content=\"BEACHES ocean view apartments | Bonaire\" \/>\n<meta property=\"og:description\" content=\"BEACHES Bonaire ist eine komfortabele Unterkunft in Fu\u00dfentfernung von Str\u00e4nden und mit einer sch\u00f6nen Meeresaussicht.\" \/>\n<meta property=\"og:url\" content=\"https:\/\/www.beaches-bonaire.com\/de\/bonaire\/\" \/>\n<meta property=\"og:site_name\" content=\"BEACHES Meeresaussicht Appartments Bonaire\" \/>\n<meta property=\"article:publisher\" content=\"https:\/\/www.facebook.com\/beachesbonaire\/\" \/>\n<meta property=\"article:modified_time\" content=\"2021-09-10T12:00:13+00:00\" \/>\n<meta name=\"twitter:card\" content=\"summary_large_image\" \/>\n<meta name=\"twitter:label1\" content=\"Gesch\u00e4tzte Lesezeit\" \/>\n\t<meta name=\"twitter:data1\" content=\"5\u00a0Minuten\" \/>\n<script type=\"application\/ld+json\" class=\"yoast-schema-graph\">{\"@context\":\"https:\/\/schema.org\",\"@graph\":[{\"@type\":\"WebPage\",\"@id\":\"https:\/\/www.beaches-bonaire.com\/de\/bonaire\/\",\"url\":\"https:\/\/www.beaches-bonaire.com\/de\/bonaire\/\",\"name\":\"BEACHES ocean view apartments | Bonaire\",\"isPartOf\":{\"@id\":\"https:\/\/www.beaches-bonaire.com\/de\/#website\"},\"datePublished\":\"2016-10-24T19:06:48+00:00\",\"dateModified\":\"2021-09-10T12:00:13+00:00\",\"description\":\"BEACHES Bonaire ist eine komfortabele Unterkunft in Fu\u00dfentfernung von Str\u00e4nden und mit einer sch\u00f6nen Meeresaussicht.\",\"breadcrumb\":{\"@id\":\"https:\/\/www.beaches-bonaire.com\/de\/bonaire\/#breadcrumb\"},\"inLanguage\":\"de\",\"potentialAction\":[{\"@type\":\"ReadAction\",\"target\":[\"https:\/\/www.beaches-bonaire.com\/de\/bonaire\/\"]}]},{\"@type\":\"BreadcrumbList\",\"@id\":\"https:\/\/www.beaches-bonaire.com\/de\/bonaire\/#breadcrumb\",\"itemListElement\":[{\"@type\":\"ListItem\",\"position\":1,\"name\":\"Home\",\"item\":\"https:\/\/www.beaches-bonaire.com\/de\/\"},{\"@type\":\"ListItem\",\"position\":2,\"name\":\"Bonaire\"}]},{\"@type\":\"WebSite\",\"@id\":\"https:\/\/www.beaches-bonaire.com\/de\/#website\",\"url\":\"https:\/\/www.beaches-bonaire.com\/de\/\",\"name\":\"BEACHES Meeresaussicht Appartments Bonaire\",\"description\":\"Home\",\"publisher\":{\"@id\":\"https:\/\/www.beaches-bonaire.com\/de\/#organization\"},\"potentialAction\":[{\"@type\":\"SearchAction\",\"target\":{\"@type\":\"EntryPoint\",\"urlTemplate\":\"https:\/\/www.beaches-bonaire.com\/de\/?s={search_term_string}\"},\"query-input\":\"required name=search_term_string\"}],\"inLanguage\":\"de\"},{\"@type\":\"Organization\",\"@id\":\"https:\/\/www.beaches-bonaire.com\/de\/#organization\",\"name\":\"BEACHES ocean view apartments\",\"url\":\"https:\/\/www.beaches-bonaire.com\/de\/\",\"logo\":{\"@type\":\"ImageObject\",\"inLanguage\":\"de\",\"@id\":\"https:\/\/www.beaches-bonaire.com\/de\/#\/schema\/logo\/image\/\",\"url\":\"https:\/\/www.beaches-bonaire.com\/wp-content\/uploads\/2019\/10\/logo-beaches-signature.jpg\",\"contentUrl\":\"https:\/\/www.beaches-bonaire.com\/wp-content\/uploads\/2019\/10\/logo-beaches-signature.jpg\",\"width\":500,\"height\":260,\"caption\":\"BEACHES ocean view apartments\"},\"image\":{\"@id\":\"https:\/\/www.beaches-bonaire.com\/de\/#\/schema\/logo\/image\/\"},\"sameAs\":[\"https:\/\/www.facebook.com\/beachesbonaire\/\",\"https:\/\/www.instagram.com\/beachesbonaire\/\"]}]}<\/script>\n<!-- \/ Yoast SEO plugin. -->","yoast_head_json":{"title":"BEACHES ocean view apartments | Bonaire","description":"BEACHES Bonaire ist eine komfortabele Unterkunft in Fu\u00dfentfernung von Str\u00e4nden und mit einer sch\u00f6nen Meeresaussicht.","robots":{"index":"index","follow":"follow","max-snippet":"max-snippet:-1","max-image-preview":"max-image-preview:large","max-video-preview":"max-video-preview:-1"},"canonical":"https:\/\/www.beaches-bonaire.com\/de\/bonaire\/","og_locale":"de_DE","og_type":"article","og_title":"BEACHES ocean view apartments | Bonaire","og_description":"BEACHES Bonaire ist eine komfortabele Unterkunft in Fu\u00dfentfernung von Str\u00e4nden und mit einer sch\u00f6nen Meeresaussicht.","og_url":"https:\/\/www.beaches-bonaire.com\/de\/bonaire\/","og_site_name":"BEACHES Meeresaussicht Appartments Bonaire","article_publisher":"https:\/\/www.facebook.com\/beachesbonaire\/","article_modified_time":"2021-09-10T12:00:13+00:00","twitter_card":"summary_large_image","twitter_misc":{"Gesch\u00e4tzte Lesezeit":"5\u00a0Minuten"},"schema":{"@context":"https:\/\/schema.org","@graph":[{"@type":"WebPage","@id":"https:\/\/www.beaches-bonaire.com\/de\/bonaire\/","url":"https:\/\/www.beaches-bonaire.com\/de\/bonaire\/","name":"BEACHES ocean view apartments | Bonaire","isPartOf":{"@id":"https:\/\/www.beaches-bonaire.com\/de\/#website"},"datePublished":"2016-10-24T19:06:48+00:00","dateModified":"2021-09-10T12:00:13+00:00","description":"BEACHES Bonaire ist eine komfortabele Unterkunft in Fu\u00dfentfernung von Str\u00e4nden und mit einer sch\u00f6nen Meeresaussicht.","breadcrumb":{"@id":"https:\/\/www.beaches-bonaire.com\/de\/bonaire\/#breadcrumb"},"inLanguage":"de","potentialAction":[{"@type":"ReadAction","target":["https:\/\/www.beaches-bonaire.com\/de\/bonaire\/"]}]},{"@type":"BreadcrumbList","@id":"https:\/\/www.beaches-bonaire.com\/de\/bonaire\/#breadcrumb","itemListElement":[{"@type":"ListItem","position":1,"name":"Home","item":"https:\/\/www.beaches-bonaire.com\/de\/"},{"@type":"ListItem","position":2,"name":"Bonaire"}]},{"@type":"WebSite","@id":"https:\/\/www.beaches-bonaire.com\/de\/#website","url":"https:\/\/www.beaches-bonaire.com\/de\/","name":"BEACHES Meeresaussicht Appartments Bonaire","description":"Home","publisher":{"@id":"https:\/\/www.beaches-bonaire.com\/de\/#organization"},"potentialAction":[{"@type":"SearchAction","target":{"@type":"EntryPoint","urlTemplate":"https:\/\/www.beaches-bonaire.com\/de\/?s={search_term_string}"},"query-input":"required name=search_term_string"}],"inLanguage":"de"},{"@type":"Organization","@id":"https:\/\/www.beaches-bonaire.com\/de\/#organization","name":"BEACHES ocean view apartments","url":"https:\/\/www.beaches-bonaire.com\/de\/","logo":{"@type":"ImageObject","inLanguage":"de","@id":"https:\/\/www.beaches-bonaire.com\/de\/#\/schema\/logo\/image\/","url":"https:\/\/www.beaches-bonaire.com\/wp-content\/uploads\/2019\/10\/logo-beaches-signature.jpg","contentUrl":"https:\/\/www.beaches-bonaire.com\/wp-content\/uploads\/2019\/10\/logo-beaches-signature.jpg","width":500,"height":260,"caption":"BEACHES ocean view apartments"},"image":{"@id":"https:\/\/www.beaches-bonaire.com\/de\/#\/schema\/logo\/image\/"},"sameAs":["https:\/\/www.facebook.com\/beachesbonaire\/","https:\/\/www.instagram.com\/beachesbonaire\/"]}]}},"_links":{"self":[{"href":"https:\/\/www.beaches-bonaire.com\/de\/wp-json\/wp\/v2\/pages\/17468","targetHints":{"allow":["GET"]}}],"collection":[{"href":"https:\/\/www.beaches-bonaire.com\/de\/wp-json\/wp\/v2\/pages"}],"about":[{"href":"https:\/\/www.beaches-bonaire.com\/de\/wp-json\/wp\/v2\/types\/page"}],"author":[{"embeddable":true,"href":"https:\/\/www.beaches-bonaire.com\/de\/wp-json\/wp\/v2\/users\/1"}],"replies":[{"embeddable":true,"href":"https:\/\/www.beaches-bonaire.com\/de\/wp-json\/wp\/v2\/comments?post=17468"}],"version-history":[{"count":7,"href":"https:\/\/www.beaches-bonaire.com\/de\/wp-json\/wp\/v2\/pages\/17468\/revisions"}],"predecessor-version":[{"id":19496,"href":"https:\/\/www.beaches-bonaire.com\/de\/wp-json\/wp\/v2\/pages\/17468\/revisions\/19496"}],"wp:attachment":[{"href":"https:\/\/www.beaches-bonaire.com\/de\/wp-json\/wp\/v2\/media?parent=17468"}],"curies":[{"name":"wp","href":"https:\/\/api.w.org\/{rel}","templated":true}]}}