{"id":17465,"date":"2016-11-18T20:45:32","date_gmt":"2016-11-19T00:45:32","guid":{"rendered":"https:\/\/www.beaches-bonaire.com\/de\/?page_id=17465"},"modified":"2024-09-18T23:46:10","modified_gmt":"2024-09-19T03:46:10","slug":"fruehstueck-lunch-und-dinermoeglichkeiten","status":"publish","type":"page","link":"https:\/\/www.beaches-bonaire.com\/de\/fruehstueck-lunch-und-dinermoeglichkeiten\/","title":{"rendered":"Fr\u00fchst\u00fcck-, Lunch- und Dinerm\u00f6glichkeiten"},"content":{"rendered":"<p>[vc_row css_animation=&#8220;&#8220; row_type=&#8220;row&#8220; use_row_as_full_screen_section=&#8220;no&#8220; type=&#8220;grid&#8220; angled_section=&#8220;no&#8220; text_align=&#8220;left&#8220; background_image_as_pattern=&#8220;without_pattern&#8220; padding_top=&#8220;82&#8243; padding_bottom=&#8220;45&#8243;][vc_column][vc_column_text]<\/p>\n<h2 style=\"text-align: center;\">Fr\u00fchst\u00fcck-, Lunch- und Dinerm\u00f6glichkeiten<\/h2>\n<p>[\/vc_column_text][vc_separator type=&#8220;small&#8220; position=&#8220;center&#8220; up=&#8220;17&#8243; down=&#8220;60&#8243;][vc_column_text]In kurzer Fu\u00dfentfernung finden Sie ein paar grossartige Fr\u00fchst\u00fccks-, Lunch- und Dinerm\u00f6glichkeiten. Untenstehend k\u00f6nnen Sie mehr dar\u00fcber lesen. Selbstverst\u00e4ndlich gibt es auch viele Restaurants, Lunchrooms und Bars in Kralendijk, 5 Minuten fahren ab BEACHES.[\/vc_column_text][\/vc_column][\/vc_row][vc_row css_animation=&#8220;&#8220; row_type=&#8220;row&#8220; use_row_as_full_screen_section=&#8220;no&#8220; type=&#8220;grid&#8220; angled_section=&#8220;no&#8220; text_align=&#8220;left&#8220; background_image_as_pattern=&#8220;without_pattern&#8220; background_color=&#8220;#f8f8f8&#8243; padding_top=&#8220;75&#8243; padding_bottom=&#8220;42&#8243;][vc_column][vc_row_inner row_type=&#8220;row&#8220; type=&#8220;full_width&#8220; text_align=&#8220;left&#8220; css_animation=&#8220;&#8220;][vc_column_inner el_class=&#8220;k-first&#8220; width=&#8220;1\/12&#8243;][\/vc_column_inner][vc_column_inner el_class=&#8220;k-five&#8220; width=&#8220;1\/6&#8243;][vc_single_image image=&#8220;19758&#8243; img_size=&#8220;medium&#8220; qode_css_animation=&#8220;element_from_left&#8220; transition_delay=&#8220;0.2&#8243;][vc_separator type=&#8220;transparent&#8220; up=&#8220;22&#8243; down=&#8220;0&#8243;][vc_column_text]<\/p>\n<h5>Grand Windsock Ocean Club<\/h5>\n<p>[\/vc_column_text][vc_separator type=&#8220;transparent&#8220; up=&#8220;13&#8243; down=&#8220;0&#8243;][vc_column_text]Grand Windsock Ocean Club liegt jenseits der Stra\u00dfe. Der Klub umfa\u00dft ein Restaurant, eine Bar, einen Loungeplatz und Sonnenliegen, mit einer \u00fcberw\u00e4ltigenden Meeresaussicht und bieten vorz\u00fcgliches Essen. Sie sind ge\u00f6ffnet am Montag und Dienstags von 08.00 bis 18.00 Uhr und von Mittwoch bis Sonntag von 08.00 bis 22.00 Uhr.[\/vc_column_text][vc_separator type=&#8220;transparent&#8220; up=&#8220;13&#8243; down=&#8220;0&#8243;][\/vc_column_inner][vc_column_inner el_class=&#8220;k-five&#8220; width=&#8220;1\/6&#8243;][vc_single_image image=&#8220;19670&#8243; img_size=&#8220;medium&#8220; qode_css_animation=&#8220;element_from_left&#8220; transition_delay=&#8220;0.1&#8243;][vc_separator type=&#8220;transparent&#8220; up=&#8220;22&#8243; down=&#8220;0&#8243;][vc_column_text]<\/p>\n<h5>Stoked Foods Bonaire<\/h5>\n<p>[\/vc_column_text][vc_separator type=&#8220;transparent&#8220; up=&#8220;13&#8243; down=&#8220;0&#8243;][vc_column_text]Stoked Foods Bonaire befindet sich am Strand von Te Amo und serviert 7 Tage die Woche Burger, Salate und Wraps. Sie k\u00f6nnen hier auch abends eine k\u00f6stliche Mahlzeit genie\u00dfen! Ge\u00f6ffnet t\u00e4glich von 12:00-20:00 Uhr.[\/vc_column_text][vc_separator type=&#8220;transparent&#8220; up=&#8220;13&#8243; down=&#8220;0&#8243;][\/vc_column_inner][vc_column_inner el_class=&#8220;k-five&#8220; width=&#8220;1\/6&#8243;][vc_single_image image=&#8220;16966&#8243; img_size=&#8220;medium&#8220; qode_css_animation=&#8220;element_from_top&#8220; transition_delay=&#8220;0.1&#8243;][vc_separator type=&#8220;transparent&#8220; up=&#8220;22&#8243; down=&#8220;0&#8243;][vc_column_text]<\/p>\n<h5>Cactus Blue<\/h5>\n<p>[\/vc_column_text][vc_separator type=&#8220;transparent&#8220; up=&#8220;13&#8243; down=&#8220;0&#8243;][vc_column_text]Cactus Blue on the Beach steht auf Donkey Beach von 11.00 bis 15.00 Uhr (Samstag und Sonntag geschlossen). Hier i\u00dft man den perfekten Hamburger. Probieren Sie die Spezialit\u00e4t des Hauses, den \u2018Lionfish Burger\u2019![\/vc_column_text][vc_separator type=&#8220;transparent&#8220; up=&#8220;13&#8243; down=&#8220;0&#8243;][\/vc_column_inner][vc_column_inner el_class=&#8220;k-five&#8220; width=&#8220;1\/6&#8243;][vc_single_image image=&#8220;17097&#8243; img_size=&#8220;medium&#8220; qode_css_animation=&#8220;element_from_right&#8220; transition_delay=&#8220;0.1&#8243;][vc_separator type=&#8220;transparent&#8220; up=&#8220;22&#8243; down=&#8220;0&#8243;][vc_column_text]<\/p>\n<h5>King Kong<\/h5>\n<p>[\/vc_column_text][vc_separator type=&#8220;transparent&#8220; up=&#8220;13&#8243; down=&#8220;0&#8243;][vc_column_text]King Kong Burgers bietet Hamburger, Pommes und Hotdogs von 11.00 bis 15.00 Uhr. Gehen Sie nach Bachelor&#8217;s Beach und lunchen Sie bei einer wunderbaren Aussicht![\/vc_column_text][vc_separator type=&#8220;transparent&#8220; up=&#8220;13&#8243; down=&#8220;0&#8243;][\/vc_column_inner][vc_column_inner el_class=&#8220;k-five&#8220; width=&#8220;1\/6&#8243;][vc_single_image image=&#8220;17099&#8243; img_size=&#8220;medium&#8220; qode_css_animation=&#8220;element_from_right&#8220; transition_delay=&#8220;0.2&#8243;][vc_separator type=&#8220;transparent&#8220; up=&#8220;22&#8243; down=&#8220;0&#8243;][vc_column_text]<\/p>\n<h5>Kite City<\/h5>\n<p>[\/vc_column_text][vc_separator type=&#8220;transparent&#8220; up=&#8220;13&#8243; down=&#8220;0&#8243;][vc_column_text]Kite City steht einen Strand weiter, auf Te Amo Beach. Unbedingt eines Besuches wert! Kite City bietet ausgezeichnete frische Fischgerichte, Hamburger, Salate und Wraps von 11.00 bis 16:00 (am Sonntag geschlossen).[\/vc_column_text][vc_separator type=&#8220;transparent&#8220; up=&#8220;13&#8243; down=&#8220;0&#8243;][\/vc_column_inner][vc_column_inner el_class=&#8220;k-last&#8220; width=&#8220;1\/12&#8243;][\/vc_column_inner][\/vc_row_inner][\/vc_column][\/vc_row][vc_row row_type=&#8220;parallax&#8220; parallax_content_width=&#8220;full_width&#8220; text_align=&#8220;left&#8220; full_screen_section_height=&#8220;no&#8220; background_image=&#8220;16856&#8243;][vc_column][vc_empty_space height=&#8220;125px&#8220;][vc_column_text]<\/p>\n<h2 style=\"text-align: center;\"><span style=\"color: #ffffff;\">Karibisches Paradies Bonaire <\/span><\/h2>\n<p>[\/vc_column_text][vc_empty_space][vc_row_inner row_type=&#8220;row&#8220; type=&#8220;full_width&#8220; text_align=&#8220;center&#8220; css_animation=&#8220;&#8220;][vc_column_inner]<a  itemprop=\"url\" href=\"https:\/\/www.beaches-bonaire.com\/de\/bonaire\" target=\"_self\"  class=\"qbutton  center default\" style=\"\">Lesen Sie mehr<\/a>[\/vc_column_inner][\/vc_row_inner][vc_empty_space height=&#8220;125px&#8220;][vc_row_inner row_type=&#8220;row&#8220; type=&#8220;full_width&#8220; text_align=&#8220;left&#8220; css_animation=&#8220;&#8220;][vc_column_inner el_class=&#8220;nomargins&#8220; css=&#8220;.vc_custom_1478111783298{margin-right: 0px !important;margin-left: 0px !important;padding-right: 0px !important;padding-left: 0px !important;}&#8220;][vc_single_image image=&#8220;17134&#8243; img_size=&#8220;full&#8220; qode_css_animation=&#8220;&#8220;][\/vc_column_inner][\/vc_row_inner][\/vc_column][\/vc_row]<\/p>\n","protected":false},"excerpt":{"rendered":"<p>[vc_row css_animation=&#8220;&#8220; row_type=&#8220;row&#8220; use_row_as_full_screen_section=&#8220;no&#8220; type=&#8220;grid&#8220; angled_section=&#8220;no&#8220; text_align=&#8220;left&#8220; background_image_as_pattern=&#8220;without_pattern&#8220; padding_top=&#8220;82&#8243; padding_bottom=&#8220;45&#8243;][vc_column][vc_column_text] Fr\u00fchst\u00fcck-, Lunch- und Dinerm\u00f6glichkeiten [\/vc_column_text][vc_separator type=&#8220;small&#8220; position=&#8220;center&#8220; up=&#8220;17&#8243; down=&#8220;60&#8243;][vc_column_text]In kurzer Fu\u00dfentfernung finden Sie ein paar grossartige Fr\u00fchst\u00fccks-, Lunch- und Dinerm\u00f6glichkeiten. Untenstehend k\u00f6nnen Sie mehr dar\u00fcber lesen. Selbstverst\u00e4ndlich gibt es auch viele Restaurants, Lunchrooms und Bars&#8230;<\/p>\n","protected":false},"author":1,"featured_media":0,"parent":0,"menu_order":0,"comment_status":"closed","ping_status":"closed","template":"full_width.php","meta":{"footnotes":""},"class_list":["post-17465","page","type-page","status-publish","hentry"],"yoast_head":"<!-- This site is optimized with the Yoast SEO plugin v21.2 - https:\/\/yoast.com\/wordpress\/plugins\/seo\/ -->\n<title>BEACHES ocean view apartments | Fr\u00fchst\u00fcck-, Lunch- und Dinerm\u00f6glichkeiten<\/title>\n<meta name=\"description\" content=\"BEACHES Bonaire ist eine komfortabele Unterkunft in Fu\u00dfentfernung von Str\u00e4nden und mit einer sch\u00f6nen Meeresaussicht.\" \/>\n<meta name=\"robots\" content=\"index, follow, max-snippet:-1, max-image-preview:large, max-video-preview:-1\" \/>\n<link rel=\"canonical\" href=\"https:\/\/www.beaches-bonaire.com\/de\/fruehstueck-lunch-und-dinermoeglichkeiten\/\" \/>\n<meta property=\"og:locale\" content=\"de_DE\" \/>\n<meta property=\"og:type\" content=\"article\" \/>\n<meta property=\"og:title\" content=\"BEACHES ocean view apartments | Fr\u00fchst\u00fcck-, Lunch- und Dinerm\u00f6glichkeiten\" \/>\n<meta property=\"og:description\" content=\"BEACHES Bonaire ist eine komfortabele Unterkunft in Fu\u00dfentfernung von Str\u00e4nden und mit einer sch\u00f6nen Meeresaussicht.\" \/>\n<meta property=\"og:url\" content=\"https:\/\/www.beaches-bonaire.com\/de\/fruehstueck-lunch-und-dinermoeglichkeiten\/\" \/>\n<meta property=\"og:site_name\" content=\"BEACHES Meeresaussicht Appartments Bonaire\" \/>\n<meta property=\"article:publisher\" content=\"https:\/\/www.facebook.com\/beachesbonaire\/\" \/>\n<meta property=\"article:modified_time\" content=\"2024-09-19T03:46:10+00:00\" \/>\n<meta name=\"twitter:card\" content=\"summary_large_image\" \/>\n<meta name=\"twitter:label1\" content=\"Gesch\u00e4tzte Lesezeit\" \/>\n\t<meta name=\"twitter:data1\" content=\"2\u00a0Minuten\" \/>\n<script type=\"application\/ld+json\" class=\"yoast-schema-graph\">{\"@context\":\"https:\/\/schema.org\",\"@graph\":[{\"@type\":\"WebPage\",\"@id\":\"https:\/\/www.beaches-bonaire.com\/de\/fruehstueck-lunch-und-dinermoeglichkeiten\/\",\"url\":\"https:\/\/www.beaches-bonaire.com\/de\/fruehstueck-lunch-und-dinermoeglichkeiten\/\",\"name\":\"BEACHES ocean view apartments | Fr\u00fchst\u00fcck-, Lunch- und Dinerm\u00f6glichkeiten\",\"isPartOf\":{\"@id\":\"https:\/\/www.beaches-bonaire.com\/de\/#website\"},\"datePublished\":\"2016-11-19T00:45:32+00:00\",\"dateModified\":\"2024-09-19T03:46:10+00:00\",\"description\":\"BEACHES Bonaire ist eine komfortabele Unterkunft in Fu\u00dfentfernung von Str\u00e4nden und mit einer sch\u00f6nen Meeresaussicht.\",\"breadcrumb\":{\"@id\":\"https:\/\/www.beaches-bonaire.com\/de\/fruehstueck-lunch-und-dinermoeglichkeiten\/#breadcrumb\"},\"inLanguage\":\"de\",\"potentialAction\":[{\"@type\":\"ReadAction\",\"target\":[\"https:\/\/www.beaches-bonaire.com\/de\/fruehstueck-lunch-und-dinermoeglichkeiten\/\"]}]},{\"@type\":\"BreadcrumbList\",\"@id\":\"https:\/\/www.beaches-bonaire.com\/de\/fruehstueck-lunch-und-dinermoeglichkeiten\/#breadcrumb\",\"itemListElement\":[{\"@type\":\"ListItem\",\"position\":1,\"name\":\"Home\",\"item\":\"https:\/\/www.beaches-bonaire.com\/de\/\"},{\"@type\":\"ListItem\",\"position\":2,\"name\":\"Fr\u00fchst\u00fcck-, Lunch- und Dinerm\u00f6glichkeiten\"}]},{\"@type\":\"WebSite\",\"@id\":\"https:\/\/www.beaches-bonaire.com\/de\/#website\",\"url\":\"https:\/\/www.beaches-bonaire.com\/de\/\",\"name\":\"BEACHES Meeresaussicht Appartments Bonaire\",\"description\":\"Home\",\"publisher\":{\"@id\":\"https:\/\/www.beaches-bonaire.com\/de\/#organization\"},\"potentialAction\":[{\"@type\":\"SearchAction\",\"target\":{\"@type\":\"EntryPoint\",\"urlTemplate\":\"https:\/\/www.beaches-bonaire.com\/de\/?s={search_term_string}\"},\"query-input\":\"required name=search_term_string\"}],\"inLanguage\":\"de\"},{\"@type\":\"Organization\",\"@id\":\"https:\/\/www.beaches-bonaire.com\/de\/#organization\",\"name\":\"BEACHES ocean view apartments\",\"url\":\"https:\/\/www.beaches-bonaire.com\/de\/\",\"logo\":{\"@type\":\"ImageObject\",\"inLanguage\":\"de\",\"@id\":\"https:\/\/www.beaches-bonaire.com\/de\/#\/schema\/logo\/image\/\",\"url\":\"https:\/\/www.beaches-bonaire.com\/wp-content\/uploads\/2019\/10\/logo-beaches-signature.jpg\",\"contentUrl\":\"https:\/\/www.beaches-bonaire.com\/wp-content\/uploads\/2019\/10\/logo-beaches-signature.jpg\",\"width\":500,\"height\":260,\"caption\":\"BEACHES ocean view apartments\"},\"image\":{\"@id\":\"https:\/\/www.beaches-bonaire.com\/de\/#\/schema\/logo\/image\/\"},\"sameAs\":[\"https:\/\/www.facebook.com\/beachesbonaire\/\",\"https:\/\/www.instagram.com\/beachesbonaire\/\"]}]}<\/script>\n<!-- \/ Yoast SEO plugin. -->","yoast_head_json":{"title":"BEACHES ocean view apartments | Fr\u00fchst\u00fcck-, Lunch- und Dinerm\u00f6glichkeiten","description":"BEACHES Bonaire ist eine komfortabele Unterkunft in Fu\u00dfentfernung von Str\u00e4nden und mit einer sch\u00f6nen Meeresaussicht.","robots":{"index":"index","follow":"follow","max-snippet":"max-snippet:-1","max-image-preview":"max-image-preview:large","max-video-preview":"max-video-preview:-1"},"canonical":"https:\/\/www.beaches-bonaire.com\/de\/fruehstueck-lunch-und-dinermoeglichkeiten\/","og_locale":"de_DE","og_type":"article","og_title":"BEACHES ocean view apartments | Fr\u00fchst\u00fcck-, Lunch- und Dinerm\u00f6glichkeiten","og_description":"BEACHES Bonaire ist eine komfortabele Unterkunft in Fu\u00dfentfernung von Str\u00e4nden und mit einer sch\u00f6nen Meeresaussicht.","og_url":"https:\/\/www.beaches-bonaire.com\/de\/fruehstueck-lunch-und-dinermoeglichkeiten\/","og_site_name":"BEACHES Meeresaussicht Appartments Bonaire","article_publisher":"https:\/\/www.facebook.com\/beachesbonaire\/","article_modified_time":"2024-09-19T03:46:10+00:00","twitter_card":"summary_large_image","twitter_misc":{"Gesch\u00e4tzte Lesezeit":"2\u00a0Minuten"},"schema":{"@context":"https:\/\/schema.org","@graph":[{"@type":"WebPage","@id":"https:\/\/www.beaches-bonaire.com\/de\/fruehstueck-lunch-und-dinermoeglichkeiten\/","url":"https:\/\/www.beaches-bonaire.com\/de\/fruehstueck-lunch-und-dinermoeglichkeiten\/","name":"BEACHES ocean view apartments | Fr\u00fchst\u00fcck-, Lunch- und Dinerm\u00f6glichkeiten","isPartOf":{"@id":"https:\/\/www.beaches-bonaire.com\/de\/#website"},"datePublished":"2016-11-19T00:45:32+00:00","dateModified":"2024-09-19T03:46:10+00:00","description":"BEACHES Bonaire ist eine komfortabele Unterkunft in Fu\u00dfentfernung von Str\u00e4nden und mit einer sch\u00f6nen Meeresaussicht.","breadcrumb":{"@id":"https:\/\/www.beaches-bonaire.com\/de\/fruehstueck-lunch-und-dinermoeglichkeiten\/#breadcrumb"},"inLanguage":"de","potentialAction":[{"@type":"ReadAction","target":["https:\/\/www.beaches-bonaire.com\/de\/fruehstueck-lunch-und-dinermoeglichkeiten\/"]}]},{"@type":"BreadcrumbList","@id":"https:\/\/www.beaches-bonaire.com\/de\/fruehstueck-lunch-und-dinermoeglichkeiten\/#breadcrumb","itemListElement":[{"@type":"ListItem","position":1,"name":"Home","item":"https:\/\/www.beaches-bonaire.com\/de\/"},{"@type":"ListItem","position":2,"name":"Fr\u00fchst\u00fcck-, Lunch- und Dinerm\u00f6glichkeiten"}]},{"@type":"WebSite","@id":"https:\/\/www.beaches-bonaire.com\/de\/#website","url":"https:\/\/www.beaches-bonaire.com\/de\/","name":"BEACHES Meeresaussicht Appartments Bonaire","description":"Home","publisher":{"@id":"https:\/\/www.beaches-bonaire.com\/de\/#organization"},"potentialAction":[{"@type":"SearchAction","target":{"@type":"EntryPoint","urlTemplate":"https:\/\/www.beaches-bonaire.com\/de\/?s={search_term_string}"},"query-input":"required name=search_term_string"}],"inLanguage":"de"},{"@type":"Organization","@id":"https:\/\/www.beaches-bonaire.com\/de\/#organization","name":"BEACHES ocean view apartments","url":"https:\/\/www.beaches-bonaire.com\/de\/","logo":{"@type":"ImageObject","inLanguage":"de","@id":"https:\/\/www.beaches-bonaire.com\/de\/#\/schema\/logo\/image\/","url":"https:\/\/www.beaches-bonaire.com\/wp-content\/uploads\/2019\/10\/logo-beaches-signature.jpg","contentUrl":"https:\/\/www.beaches-bonaire.com\/wp-content\/uploads\/2019\/10\/logo-beaches-signature.jpg","width":500,"height":260,"caption":"BEACHES ocean view apartments"},"image":{"@id":"https:\/\/www.beaches-bonaire.com\/de\/#\/schema\/logo\/image\/"},"sameAs":["https:\/\/www.facebook.com\/beachesbonaire\/","https:\/\/www.instagram.com\/beachesbonaire\/"]}]}},"_links":{"self":[{"href":"https:\/\/www.beaches-bonaire.com\/de\/wp-json\/wp\/v2\/pages\/17465","targetHints":{"allow":["GET"]}}],"collection":[{"href":"https:\/\/www.beaches-bonaire.com\/de\/wp-json\/wp\/v2\/pages"}],"about":[{"href":"https:\/\/www.beaches-bonaire.com\/de\/wp-json\/wp\/v2\/types\/page"}],"author":[{"embeddable":true,"href":"https:\/\/www.beaches-bonaire.com\/de\/wp-json\/wp\/v2\/users\/1"}],"replies":[{"embeddable":true,"href":"https:\/\/www.beaches-bonaire.com\/de\/wp-json\/wp\/v2\/comments?post=17465"}],"version-history":[{"count":18,"href":"https:\/\/www.beaches-bonaire.com\/de\/wp-json\/wp\/v2\/pages\/17465\/revisions"}],"predecessor-version":[{"id":19761,"href":"https:\/\/www.beaches-bonaire.com\/de\/wp-json\/wp\/v2\/pages\/17465\/revisions\/19761"}],"wp:attachment":[{"href":"https:\/\/www.beaches-bonaire.com\/de\/wp-json\/wp\/v2\/media?parent=17465"}],"curies":[{"name":"wp","href":"https:\/\/api.w.org\/{rel}","templated":true}]}}