{"id":17460,"date":"2016-11-18T20:45:32","date_gmt":"2016-11-19T00:45:32","guid":{"rendered":"https:\/\/www.beaches-bonaire.com\/de\/?page_id=17460"},"modified":"2025-10-13T13:22:32","modified_gmt":"2025-10-13T17:22:32","slug":"tarife","status":"publish","type":"page","link":"https:\/\/www.beaches-bonaire.com\/de\/tarife\/","title":{"rendered":"Tarife"},"content":{"rendered":"<p>[vc_row css_animation=&#8220;&#8220; row_type=&#8220;row&#8220; use_row_as_full_screen_section=&#8220;no&#8220; type=&#8220;grid&#8220; angled_section=&#8220;no&#8220; text_align=&#8220;left&#8220; background_image_as_pattern=&#8220;without_pattern&#8220; padding_top=&#8220;82&#8243; padding_bottom=&#8220;45&#8243;][vc_column][vc_column_text]<\/p>\n<h2 style=\"text-align: center;\">Tarife<\/h2>\n<p>[\/vc_column_text][vc_separator type=&#8220;small&#8220; position=&#8220;center&#8220; up=&#8220;17&#8243; down=&#8220;60&#8243;][vc_column_text]<\/p>\n<p style=\"text-align: center;\">Untenstehend finden Sie unsere Vor- und Hochsaisontarife.<\/p>\n<p>[\/vc_column_text][vc_empty_space][vc_column_text]<\/p>\n<ul>\n<li>Geben Sie Ihre Daten ein und der anwendbare Tarif wird automatisch berechnet.<\/li>\n<li>Last-Minute-Rabatt f\u00fcr Buchungen innerhalb von 21 Tagen vor dem Aufenthaltsdatum.<\/li>\n<\/ul>\n<p>[\/vc_column_text][vc_row_inner row_type=&#8220;row&#8220; type=&#8220;grid&#8220; text_align=&#8220;left&#8220; css_animation=&#8220;&#8220; padding_top=&#8220;42&#8243;][vc_column_inner width=&#8220;1\/3&#8243;][vc_column_text]<\/p>\n<h5>Vorsaison $115,00 pro Nacht<\/h5>\n<p>[\/vc_column_text][\/vc_column_inner][vc_column_inner width=&#8220;1\/3&#8243;][vc_column_text]<\/p>\n<h5>Hochsaison\u00a0$125,00 pro Nacht<\/h5>\n<p>[\/vc_column_text][\/vc_column_inner][vc_column_inner width=&#8220;1\/3&#8243; css=&#8220;.vc_custom_1629128491772{background-color: #00aeec !important;}&#8220;][vc_separator type=&#8220;transparent&#8220; up=&#8220;8&#8243; down=&#8220;0&#8243;][vc_column_text]<\/p>\n<h3><span style=\"color: #ffffff;\">Lastminute Buchung ab $103,50<\/span><\/h3>\n<p>[\/vc_column_text][vc_separator type=&#8220;transparent&#8220; up=&#8220;8&#8243; down=&#8220;0&#8243;][vc_column_text]<\/p>\n<h6><a href=\"https:\/\/www.beaches-bonaire.com\/en\/book-now\/\"><span style=\"color: #ffffff;\">Buchen Sie gleich<\/span><\/a><\/h6>\n<p>[\/vc_column_text][vc_separator type=&#8220;transparent&#8220; up=&#8220;35&#8243; down=&#8220;0&#8243;][vc_column_text]<\/p>\n<h5><span style=\"color: #ffffff;\">Gratis Annulierung <\/span><\/h5>\n<p>[\/vc_column_text][vc_column_text el_class=&#8220;small&#8220;]<\/p>\n<p class=\"small\"><span style=\"color: #cccccc;\">bis zu 4 Wochen vor Ankunft<\/span><\/p>\n<p>[\/vc_column_text][vc_separator type=&#8220;transparent&#8220; up=&#8220;35&#8243; down=&#8220;0&#8243;][\/vc_column_inner][\/vc_row_inner][vc_empty_space][\/vc_column][\/vc_row][vc_row css_animation=&#8220;&#8220; row_type=&#8220;row&#8220; use_row_as_full_screen_section=&#8220;no&#8220; type=&#8220;grid&#8220; angled_section=&#8220;no&#8220; text_align=&#8220;left&#8220; background_image_as_pattern=&#8220;without_pattern&#8220; background_color=&#8220;#f8f8f8&#8243; padding_top=&#8220;75&#8243; padding_bottom=&#8220;42&#8243;][vc_column][vc_row_inner row_type=&#8220;row&#8220; type=&#8220;full_width&#8220; text_align=&#8220;left&#8220; css_animation=&#8220;&#8220;][vc_column_inner width=&#8220;1\/2&#8243;][vc_single_image image=&#8220;18765&#8243; img_size=&#8220;large&#8220; qode_css_animation=&#8220;element_from_left&#8220; transition_delay=&#8220;0.1&#8243;][vc_separator type=&#8220;transparent&#8220; up=&#8220;13&#8243; down=&#8220;0&#8243;][\/vc_column_inner][vc_column_inner width=&#8220;1\/2&#8243;][vc_single_image image=&#8220;18762&#8243; img_size=&#8220;large&#8220; qode_css_animation=&#8220;element_from_right&#8220; transition_delay=&#8220;0.1&#8243;][vc_separator type=&#8220;transparent&#8220; up=&#8220;13&#8243; down=&#8220;0&#8243;][\/vc_column_inner][\/vc_row_inner][\/vc_column][\/vc_row][vc_row css_animation=&#8220;&#8220; row_type=&#8220;row&#8220; use_row_as_full_screen_section=&#8220;no&#8220; type=&#8220;full_width&#8220; angled_section=&#8220;no&#8220; text_align=&#8220;left&#8220; background_image_as_pattern=&#8220;without_pattern&#8220; padding_top=&#8220;75&#8243; padding_bottom=&#8220;42&#8243;][vc_column][vc_row_inner row_type=&#8220;row&#8220; type=&#8220;grid&#8220; text_align=&#8220;left&#8220; css_animation=&#8220;&#8220;][vc_column_inner width=&#8220;1\/2&#8243;][vc_column_text el_class=&#8220;small&#8220;]*Vorsaison<br \/>\n2025 5. Mai &#8211; 31. Oktober<br \/>\n2026 4. Mai &#8211; 31 Oktober<\/p>\n<p>**Hochsaison<br \/>\n2025 1. November &#8211; 2026 3. Mai<br \/>\n2026 1. November &#8211; 2027 3. Mai<\/p>\n<p>Sie k\u00f6nnen die allgemeinen Bedingungen <a href=\"https:\/\/www.beaches-bonaire.com\/de\/bedingungen\/\">hier<\/a> lesen.[\/vc_column_text][\/vc_column_inner][vc_column_inner width=&#8220;1\/2&#8243;]<div class=\"q_icon_list\"><i class=\"qode_icon_font_awesome fa fa-check qode-ili-icon-holder transparent\" style=\"font-size: 12px;\" ><\/i><p style=\"font-size: 12px;margin-bottom: -12px;\">Die Tarife pro Nacht sind pro Studio-Appartment (2 Personen).<\/p><\/div><div class=\"q_icon_list\"><i class=\"qode_icon_font_awesome fa fa-check qode-ili-icon-holder transparent\" style=\"font-size: 12px;\" ><\/i><p style=\"font-size: 12px;margin-bottom: -12px;\">Kinder ab 12 Jahren sind willkommen.<\/p><\/div><div class=\"q_icon_list\"><i class=\"qode_icon_font_awesome fa fa-check qode-ili-icon-holder transparent\" style=\"font-size: 12px;\" ><\/i><p style=\"font-size: 12px;margin-bottom: -12px;\">Unsere Tarife sind einschlie\u00dflich WiFi, Reinigungsservice, Bettw\u00e4sche, Handt\u00fccher und Flughafentransfer.<\/p><\/div><div class=\"q_icon_list\"><i class=\"qode_icon_font_awesome fa fa-check qode-ili-icon-holder transparent\" style=\"font-size: 12px;\" ><\/i><p style=\"font-size: 12px;margin-bottom: -12px;\">Alle Tarife sind in US Dollars.<\/p><\/div>[\/vc_column_inner][\/vc_row_inner][\/vc_column][\/vc_row][vc_row row_type=&#8220;parallax&#8220; parallax_content_width=&#8220;full_width&#8220; text_align=&#8220;left&#8220; full_screen_section_height=&#8220;no&#8220; background_image=&#8220;17224&#8243;][vc_column][vc_empty_space height=&#8220;125px&#8220;][vc_column_text]<\/p>\n<h2 style=\"text-align: center;\"><span style=\"color: #ffffff;\">Buchen Sie Ihre Reise jetzt!<\/span><\/h2>\n<p>[\/vc_column_text][vc_empty_space][vc_row_inner row_type=&#8220;row&#8220; type=&#8220;full_width&#8220; text_align=&#8220;center&#8220; css_animation=&#8220;&#8220;][vc_column_inner]<a  itemprop=\"url\" href=\"https:\/\/www.beaches-bonaire.com\/de\/buchen-sie-jetzt\/\" target=\"_self\"  class=\"qbutton  center default\" style=\"\">Buchen Sie jetzt<\/a>[\/vc_column_inner][\/vc_row_inner][vc_empty_space height=&#8220;125px&#8220;][vc_row_inner row_type=&#8220;row&#8220; type=&#8220;full_width&#8220; text_align=&#8220;left&#8220; css_animation=&#8220;&#8220;][vc_column_inner el_class=&#8220;nomargins&#8220; css=&#8220;.vc_custom_1478111783298{margin-right: 0px !important;margin-left: 0px !important;padding-right: 0px !important;padding-left: 0px !important;}&#8220;][vc_single_image image=&#8220;17134&#8243; img_size=&#8220;full&#8220; qode_css_animation=&#8220;&#8220;][\/vc_column_inner][\/vc_row_inner][\/vc_column][\/vc_row]<\/p>\n","protected":false},"excerpt":{"rendered":"<p>[vc_row css_animation=&#8220;&#8220; row_type=&#8220;row&#8220; use_row_as_full_screen_section=&#8220;no&#8220; type=&#8220;grid&#8220; angled_section=&#8220;no&#8220; text_align=&#8220;left&#8220; background_image_as_pattern=&#8220;without_pattern&#8220; padding_top=&#8220;82&#8243; padding_bottom=&#8220;45&#8243;][vc_column][vc_column_text] Tarife [\/vc_column_text][vc_separator type=&#8220;small&#8220; position=&#8220;center&#8220; up=&#8220;17&#8243; down=&#8220;60&#8243;][vc_column_text] Untenstehend finden Sie unsere Vor- und Hochsaisontarife. [\/vc_column_text][vc_empty_space][vc_column_text] Geben Sie Ihre Daten ein und der anwendbare Tarif wird automatisch berechnet. Last-Minute-Rabatt f\u00fcr Buchungen innerhalb von 21 Tagen vor dem&#8230;<\/p>\n","protected":false},"author":1,"featured_media":0,"parent":0,"menu_order":0,"comment_status":"closed","ping_status":"closed","template":"full_width.php","meta":{"footnotes":""},"class_list":["post-17460","page","type-page","status-publish","hentry"],"yoast_head":"<!-- This site is optimized with the Yoast SEO plugin v21.2 - https:\/\/yoast.com\/wordpress\/plugins\/seo\/ -->\n<title>BEACHES ocean view apartments | Tarife<\/title>\n<meta name=\"description\" content=\"BEACHES Bonaire ist eine komfortabele Unterkunft in Fu\u00dfentfernung von Str\u00e4nden und mit einer sch\u00f6nen Meeresaussicht.\" \/>\n<meta name=\"robots\" content=\"index, follow, max-snippet:-1, max-image-preview:large, max-video-preview:-1\" \/>\n<link rel=\"canonical\" href=\"https:\/\/www.beaches-bonaire.com\/de\/tarife\/\" \/>\n<meta property=\"og:locale\" content=\"de_DE\" \/>\n<meta property=\"og:type\" content=\"article\" \/>\n<meta property=\"og:title\" content=\"BEACHES ocean view apartments | Tarife\" \/>\n<meta property=\"og:description\" content=\"BEACHES Bonaire ist eine komfortabele Unterkunft in Fu\u00dfentfernung von Str\u00e4nden und mit einer sch\u00f6nen Meeresaussicht.\" \/>\n<meta property=\"og:url\" content=\"https:\/\/www.beaches-bonaire.com\/de\/tarife\/\" \/>\n<meta property=\"og:site_name\" content=\"BEACHES Meeresaussicht Appartments Bonaire\" \/>\n<meta property=\"article:publisher\" content=\"https:\/\/www.facebook.com\/beachesbonaire\/\" \/>\n<meta property=\"article:modified_time\" content=\"2025-10-13T17:22:32+00:00\" \/>\n<meta name=\"twitter:card\" content=\"summary_large_image\" \/>\n<meta name=\"twitter:label1\" content=\"Gesch\u00e4tzte Lesezeit\" \/>\n\t<meta name=\"twitter:data1\" content=\"2\u00a0Minuten\" \/>\n<script type=\"application\/ld+json\" class=\"yoast-schema-graph\">{\"@context\":\"https:\/\/schema.org\",\"@graph\":[{\"@type\":\"WebPage\",\"@id\":\"https:\/\/www.beaches-bonaire.com\/de\/tarife\/\",\"url\":\"https:\/\/www.beaches-bonaire.com\/de\/tarife\/\",\"name\":\"BEACHES ocean view apartments | Tarife\",\"isPartOf\":{\"@id\":\"https:\/\/www.beaches-bonaire.com\/de\/#website\"},\"datePublished\":\"2016-11-19T00:45:32+00:00\",\"dateModified\":\"2025-10-13T17:22:32+00:00\",\"description\":\"BEACHES Bonaire ist eine komfortabele Unterkunft in Fu\u00dfentfernung von Str\u00e4nden und mit einer sch\u00f6nen Meeresaussicht.\",\"breadcrumb\":{\"@id\":\"https:\/\/www.beaches-bonaire.com\/de\/tarife\/#breadcrumb\"},\"inLanguage\":\"de\",\"potentialAction\":[{\"@type\":\"ReadAction\",\"target\":[\"https:\/\/www.beaches-bonaire.com\/de\/tarife\/\"]}]},{\"@type\":\"BreadcrumbList\",\"@id\":\"https:\/\/www.beaches-bonaire.com\/de\/tarife\/#breadcrumb\",\"itemListElement\":[{\"@type\":\"ListItem\",\"position\":1,\"name\":\"Home\",\"item\":\"https:\/\/www.beaches-bonaire.com\/de\/\"},{\"@type\":\"ListItem\",\"position\":2,\"name\":\"Tarife\"}]},{\"@type\":\"WebSite\",\"@id\":\"https:\/\/www.beaches-bonaire.com\/de\/#website\",\"url\":\"https:\/\/www.beaches-bonaire.com\/de\/\",\"name\":\"BEACHES Meeresaussicht Appartments Bonaire\",\"description\":\"Home\",\"publisher\":{\"@id\":\"https:\/\/www.beaches-bonaire.com\/de\/#organization\"},\"potentialAction\":[{\"@type\":\"SearchAction\",\"target\":{\"@type\":\"EntryPoint\",\"urlTemplate\":\"https:\/\/www.beaches-bonaire.com\/de\/?s={search_term_string}\"},\"query-input\":\"required name=search_term_string\"}],\"inLanguage\":\"de\"},{\"@type\":\"Organization\",\"@id\":\"https:\/\/www.beaches-bonaire.com\/de\/#organization\",\"name\":\"BEACHES ocean view apartments\",\"url\":\"https:\/\/www.beaches-bonaire.com\/de\/\",\"logo\":{\"@type\":\"ImageObject\",\"inLanguage\":\"de\",\"@id\":\"https:\/\/www.beaches-bonaire.com\/de\/#\/schema\/logo\/image\/\",\"url\":\"https:\/\/www.beaches-bonaire.com\/wp-content\/uploads\/2019\/10\/logo-beaches-signature.jpg\",\"contentUrl\":\"https:\/\/www.beaches-bonaire.com\/wp-content\/uploads\/2019\/10\/logo-beaches-signature.jpg\",\"width\":500,\"height\":260,\"caption\":\"BEACHES ocean view apartments\"},\"image\":{\"@id\":\"https:\/\/www.beaches-bonaire.com\/de\/#\/schema\/logo\/image\/\"},\"sameAs\":[\"https:\/\/www.facebook.com\/beachesbonaire\/\",\"https:\/\/www.instagram.com\/beachesbonaire\/\"]}]}<\/script>\n<!-- \/ Yoast SEO plugin. -->","yoast_head_json":{"title":"BEACHES ocean view apartments | Tarife","description":"BEACHES Bonaire ist eine komfortabele Unterkunft in Fu\u00dfentfernung von Str\u00e4nden und mit einer sch\u00f6nen Meeresaussicht.","robots":{"index":"index","follow":"follow","max-snippet":"max-snippet:-1","max-image-preview":"max-image-preview:large","max-video-preview":"max-video-preview:-1"},"canonical":"https:\/\/www.beaches-bonaire.com\/de\/tarife\/","og_locale":"de_DE","og_type":"article","og_title":"BEACHES ocean view apartments | Tarife","og_description":"BEACHES Bonaire ist eine komfortabele Unterkunft in Fu\u00dfentfernung von Str\u00e4nden und mit einer sch\u00f6nen Meeresaussicht.","og_url":"https:\/\/www.beaches-bonaire.com\/de\/tarife\/","og_site_name":"BEACHES Meeresaussicht Appartments Bonaire","article_publisher":"https:\/\/www.facebook.com\/beachesbonaire\/","article_modified_time":"2025-10-13T17:22:32+00:00","twitter_card":"summary_large_image","twitter_misc":{"Gesch\u00e4tzte Lesezeit":"2\u00a0Minuten"},"schema":{"@context":"https:\/\/schema.org","@graph":[{"@type":"WebPage","@id":"https:\/\/www.beaches-bonaire.com\/de\/tarife\/","url":"https:\/\/www.beaches-bonaire.com\/de\/tarife\/","name":"BEACHES ocean view apartments | Tarife","isPartOf":{"@id":"https:\/\/www.beaches-bonaire.com\/de\/#website"},"datePublished":"2016-11-19T00:45:32+00:00","dateModified":"2025-10-13T17:22:32+00:00","description":"BEACHES Bonaire ist eine komfortabele Unterkunft in Fu\u00dfentfernung von Str\u00e4nden und mit einer sch\u00f6nen Meeresaussicht.","breadcrumb":{"@id":"https:\/\/www.beaches-bonaire.com\/de\/tarife\/#breadcrumb"},"inLanguage":"de","potentialAction":[{"@type":"ReadAction","target":["https:\/\/www.beaches-bonaire.com\/de\/tarife\/"]}]},{"@type":"BreadcrumbList","@id":"https:\/\/www.beaches-bonaire.com\/de\/tarife\/#breadcrumb","itemListElement":[{"@type":"ListItem","position":1,"name":"Home","item":"https:\/\/www.beaches-bonaire.com\/de\/"},{"@type":"ListItem","position":2,"name":"Tarife"}]},{"@type":"WebSite","@id":"https:\/\/www.beaches-bonaire.com\/de\/#website","url":"https:\/\/www.beaches-bonaire.com\/de\/","name":"BEACHES Meeresaussicht Appartments Bonaire","description":"Home","publisher":{"@id":"https:\/\/www.beaches-bonaire.com\/de\/#organization"},"potentialAction":[{"@type":"SearchAction","target":{"@type":"EntryPoint","urlTemplate":"https:\/\/www.beaches-bonaire.com\/de\/?s={search_term_string}"},"query-input":"required name=search_term_string"}],"inLanguage":"de"},{"@type":"Organization","@id":"https:\/\/www.beaches-bonaire.com\/de\/#organization","name":"BEACHES ocean view apartments","url":"https:\/\/www.beaches-bonaire.com\/de\/","logo":{"@type":"ImageObject","inLanguage":"de","@id":"https:\/\/www.beaches-bonaire.com\/de\/#\/schema\/logo\/image\/","url":"https:\/\/www.beaches-bonaire.com\/wp-content\/uploads\/2019\/10\/logo-beaches-signature.jpg","contentUrl":"https:\/\/www.beaches-bonaire.com\/wp-content\/uploads\/2019\/10\/logo-beaches-signature.jpg","width":500,"height":260,"caption":"BEACHES ocean view apartments"},"image":{"@id":"https:\/\/www.beaches-bonaire.com\/de\/#\/schema\/logo\/image\/"},"sameAs":["https:\/\/www.facebook.com\/beachesbonaire\/","https:\/\/www.instagram.com\/beachesbonaire\/"]}]}},"_links":{"self":[{"href":"https:\/\/www.beaches-bonaire.com\/de\/wp-json\/wp\/v2\/pages\/17460","targetHints":{"allow":["GET"]}}],"collection":[{"href":"https:\/\/www.beaches-bonaire.com\/de\/wp-json\/wp\/v2\/pages"}],"about":[{"href":"https:\/\/www.beaches-bonaire.com\/de\/wp-json\/wp\/v2\/types\/page"}],"author":[{"embeddable":true,"href":"https:\/\/www.beaches-bonaire.com\/de\/wp-json\/wp\/v2\/users\/1"}],"replies":[{"embeddable":true,"href":"https:\/\/www.beaches-bonaire.com\/de\/wp-json\/wp\/v2\/comments?post=17460"}],"version-history":[{"count":63,"href":"https:\/\/www.beaches-bonaire.com\/de\/wp-json\/wp\/v2\/pages\/17460\/revisions"}],"predecessor-version":[{"id":19848,"href":"https:\/\/www.beaches-bonaire.com\/de\/wp-json\/wp\/v2\/pages\/17460\/revisions\/19848"}],"wp:attachment":[{"href":"https:\/\/www.beaches-bonaire.com\/de\/wp-json\/wp\/v2\/media?parent=17460"}],"curies":[{"name":"wp","href":"https:\/\/api.w.org\/{rel}","templated":true}]}}